{"id":95,"date":"2018-11-05T22:07:58","date_gmt":"2018-11-05T21:07:58","guid":{"rendered":"http:\/\/lespetitscineastesdugolfe.org\/?page_id=95"},"modified":"2018-11-05T22:09:45","modified_gmt":"2018-11-05T21:09:45","slug":"palmares-2018-5eme-edition","status":"publish","type":"page","link":"https:\/\/lespetitscineastesdugolfe.org\/?page_id=95","title":{"rendered":"Palmar\u00e8s 2018 5\u00e8me \u00e9dition"},"content":{"rendered":"<h3 style=\"text-align: center;\"><strong>PALMARES DU FESTIVAL DU FILM SCOLAIRE DU MLF AFLEC : LES PETITS CINEASTES DU GOLFE du 13 mai 2018 \u00e0 Al Khobar (Arabie Saoudite)<\/strong><\/h3>\n<p><strong>Cat\u00e9gorie Maternelle: Monsieur Patapic (GS Bahrain)<\/strong><\/p>\n<p><iframe loading=\"lazy\" src=\"https:\/\/www.youtube.com\/embed\/_DBGMCWob7o\" width=\"560\" height=\"315\" frameborder=\"0\" allowfullscreen=\"allowfullscreen\"><\/iframe><\/p>\n<p><strong>Cat\u00e9gorie CP: Le plus f\u00e9roce des loups (CP LFI Duba\u00ef)<\/strong><\/p>\n<p><iframe loading=\"lazy\" src=\"https:\/\/www.youtube.com\/embed\/DIi0Nu7V0WE\" width=\"560\" height=\"315\" frameborder=\"0\" allowfullscreen=\"allowfullscreen\"><\/iframe><\/p>\n<div class=\"text_exposed_show\">\n<p><strong>Cat\u00e9gorie CE1\/CE2: Comme les autres (CE1 Bahrain)<\/strong><\/p>\n<p><iframe loading=\"lazy\" src=\"https:\/\/www.youtube.com\/embed\/QTklcs8F0nk\" width=\"560\" height=\"315\" frameborder=\"0\" allowfullscreen=\"allowfullscreen\"><\/iframe><\/p>\n<p><strong>Cat\u00e9gorie CM1\/CM2: CM1A TV (CM1 Bahrain)<\/strong><\/p>\n<p><iframe loading=\"lazy\" src=\"https:\/\/www.youtube.com\/embed\/ZFiBN8oW_a4\" width=\"560\" height=\"315\" frameborder=\"0\" allowfullscreen=\"allowfullscreen\"><\/iframe><\/p>\n<p><strong>Cat. COLLEGE: Ecart\u00e9e dans le monde r\u00e9el&#8230;(5\u00e8 Djeddah)<\/strong><\/p>\n<p><iframe loading=\"lazy\" src=\"https:\/\/www.youtube.com\/embed\/E2myKuypNtc\" width=\"560\" height=\"315\" frameborder=\"0\" allowfullscreen=\"allowfullscreen\"><\/iframe><\/p>\n<p><strong>Prix sp\u00e9cial du Jury: En parler Nadine, CM2 LFI Dubai<\/strong><\/p>\n<p><iframe loading=\"lazy\" src=\"https:\/\/www.youtube.com\/embed\/3v74HvPW9M0\" width=\"560\" height=\"315\" frameborder=\"0\" allowfullscreen=\"allowfullscreen\"><\/iframe><\/p>\n<p><strong>Prix du public: Quelle histoire! 5\u00e8\/4\u00e8 Al Khobar<\/strong><\/p>\n<p><iframe loading=\"lazy\" src=\"https:\/\/www.youtube.com\/embed\/Zc7WQeTbDl8\" width=\"560\" height=\"315\" frameborder=\"0\" allowfullscreen=\"allowfullscreen\"><\/iframe><\/p>\n<p><em>Le jury \u00e9tait pr\u00e9sid\u00e9 par la cin\u00e9aste saoudienne<\/em><br \/>\n<em>Mme Reem Al bayyat<\/em><br \/>\n<em>&#8211; prix du meilleur r\u00e9alisateur, Madrid Film Festival, 2017<\/em><br \/>\n<em>&#8211; prix du meilleur r\u00e9alisateur, Milan Film Festival, 2017<\/em><br \/>\n<em>pour le film &#8220;Wake me up&#8221;<\/em><\/p>\n<\/div>\n","protected":false},"excerpt":{"rendered":"<p>PALMARES DU FESTIVAL DU FILM SCOLAIRE DU MLF AFLEC : LES PETITS CINEASTES DU GOLFE du 13 mai 2018 \u00e0 Al Khobar (Arabie Saoudite) Cat\u00e9gorie Maternelle: Monsieur Patapic (GS Bahrain) Cat\u00e9gorie CP: Le plus f\u00e9roce des loups (CP LFI Duba\u00ef) Cat\u00e9gorie CE1\/CE2: Comme les autres (CE1 Bahrain) Cat\u00e9gorie CM1\/CM2: CM1A TV (CM1 Bahrain) Cat. COLLEGE: &hellip; <a href=\"https:\/\/lespetitscineastesdugolfe.org\/?page_id=95\" class=\"more-link\">Continue reading <span class=\"screen-reader-text\">Palmar\u00e8s 2018 5\u00e8me \u00e9dition<\/span><\/a><\/p>\n","protected":false},"author":1,"featured_media":0,"parent":0,"menu_order":0,"comment_status":"closed","ping_status":"closed","template":"","meta":{"footnotes":""},"class_list":["post-95","page","type-page","status-publish","hentry"],"_links":{"self":[{"href":"https:\/\/lespetitscineastesdugolfe.org\/index.php?rest_route=\/wp\/v2\/pages\/95","targetHints":{"allow":["GET"]}}],"collection":[{"href":"https:\/\/lespetitscineastesdugolfe.org\/index.php?rest_route=\/wp\/v2\/pages"}],"about":[{"href":"https:\/\/lespetitscineastesdugolfe.org\/index.php?rest_route=\/wp\/v2\/types\/page"}],"author":[{"embeddable":true,"href":"https:\/\/lespetitscineastesdugolfe.org\/index.php?rest_route=\/wp\/v2\/users\/1"}],"replies":[{"embeddable":true,"href":"https:\/\/lespetitscineastesdugolfe.org\/index.php?rest_route=%2Fwp%2Fv2%2Fcomments&post=95"}],"version-history":[{"count":3,"href":"https:\/\/lespetitscineastesdugolfe.org\/index.php?rest_route=\/wp\/v2\/pages\/95\/revisions"}],"predecessor-version":[{"id":99,"href":"https:\/\/lespetitscineastesdugolfe.org\/index.php?rest_route=\/wp\/v2\/pages\/95\/revisions\/99"}],"wp:attachment":[{"href":"https:\/\/lespetitscineastesdugolfe.org\/index.php?rest_route=%2Fwp%2Fv2%2Fmedia&parent=95"}],"curies":[{"name":"wp","href":"https:\/\/api.w.org\/{rel}","templated":true}]}}