{"id":71,"date":"2018-04-12T21:19:48","date_gmt":"2018-04-12T19:19:48","guid":{"rendered":"http:\/\/lespetitscineastesdugolfe.org\/?page_id=71"},"modified":"2018-04-12T21:25:49","modified_gmt":"2018-04-12T19:25:49","slug":"palmares-2eme-edition-2015","status":"publish","type":"page","link":"https:\/\/lespetitscineastesdugolfe.org\/?page_id=71","title":{"rendered":"PALMAR\u00c8S 2\u00c8ME \u00c9DITION 2015"},"content":{"rendered":"<div class=\"gmail_default\"><strong><span style=\"text-decoration: underline;\">cat\u00e9gorie maternelle\/CP<\/span><\/strong><\/div>\n<div><\/div>\n<div class=\"gmail_default\">Darian<\/div>\n<div><\/div>\n<div><iframe loading=\"lazy\" src=\"https:\/\/www.youtube.com\/embed\/1YOPpILxb6c\" width=\"560\" height=\"315\" frameborder=\"0\" allowfullscreen=\"allowfullscreen\"><\/iframe><\/div>\n<div><\/div>\n<div class=\"gmail_default\"><strong><span style=\"text-decoration: underline;\">cat\u00e9gorie CE1-CM2<\/span><\/strong><\/div>\n<div><\/div>\n<div class=\"gmail_default\">\u00a0Les Thymios contre-attaquent<\/div>\n<div><iframe loading=\"lazy\" src=\"https:\/\/www.youtube.com\/embed\/WVr14Lg6Tto\" width=\"560\" height=\"315\" frameborder=\"0\" allowfullscreen=\"allowfullscreen\"><\/iframe><\/div>\n<div><\/div>\n<div class=\"gmail_default\"><span style=\"text-decoration: underline;\"><strong>cat\u00e9gorie Coll\u00e8ge<\/strong><\/span><\/div>\n<div><\/div>\n<div class=\"gmail_default\">O\u00f9 vont nos d\u00e9chets \u00e0 Erbil?<\/div>\n<div><\/div>\n<div><iframe loading=\"lazy\" src=\"https:\/\/www.youtube.com\/embed\/1b9SvFkRZnc\" width=\"560\" height=\"315\" frameborder=\"0\" allowfullscreen=\"allowfullscreen\"><\/iframe><\/div>\n","protected":false},"excerpt":{"rendered":"<p>cat\u00e9gorie maternelle\/CP Darian cat\u00e9gorie CE1-CM2 \u00a0Les Thymios contre-attaquent cat\u00e9gorie Coll\u00e8ge O\u00f9 vont nos d\u00e9chets \u00e0 Erbil?<\/p>\n","protected":false},"author":1,"featured_media":0,"parent":0,"menu_order":0,"comment_status":"closed","ping_status":"closed","template":"","meta":{"footnotes":""},"class_list":["post-71","page","type-page","status-publish","hentry"],"_links":{"self":[{"href":"https:\/\/lespetitscineastesdugolfe.org\/index.php?rest_route=\/wp\/v2\/pages\/71","targetHints":{"allow":["GET"]}}],"collection":[{"href":"https:\/\/lespetitscineastesdugolfe.org\/index.php?rest_route=\/wp\/v2\/pages"}],"about":[{"href":"https:\/\/lespetitscineastesdugolfe.org\/index.php?rest_route=\/wp\/v2\/types\/page"}],"author":[{"embeddable":true,"href":"https:\/\/lespetitscineastesdugolfe.org\/index.php?rest_route=\/wp\/v2\/users\/1"}],"replies":[{"embeddable":true,"href":"https:\/\/lespetitscineastesdugolfe.org\/index.php?rest_route=%2Fwp%2Fv2%2Fcomments&post=71"}],"version-history":[{"count":3,"href":"https:\/\/lespetitscineastesdugolfe.org\/index.php?rest_route=\/wp\/v2\/pages\/71\/revisions"}],"predecessor-version":[{"id":75,"href":"https:\/\/lespetitscineastesdugolfe.org\/index.php?rest_route=\/wp\/v2\/pages\/71\/revisions\/75"}],"wp:attachment":[{"href":"https:\/\/lespetitscineastesdugolfe.org\/index.php?rest_route=%2Fwp%2Fv2%2Fmedia&parent=71"}],"curies":[{"name":"wp","href":"https:\/\/api.w.org\/{rel}","templated":true}]}}