{"id":59,"date":"2018-04-11T16:12:36","date_gmt":"2018-04-11T14:12:36","guid":{"rendered":"http:\/\/lespetitscineastesdugolfe.org\/?page_id=59"},"modified":"2018-04-11T16:58:23","modified_gmt":"2018-04-11T14:58:23","slug":"palmares-2017-4eme-edition","status":"publish","type":"page","link":"https:\/\/lespetitscineastesdugolfe.org\/?page_id=59","title":{"rendered":"PALMAR\u00c8S 2017 4\u00e8me \u00c9DITION"},"content":{"rendered":"<p><strong>FESTIVAL DU FILM SCOLAIRE DU RESEAU GOLFE MLF AFLEC LES PETITS CINEASTES DU GOLFE- 6 mai 2017 <\/strong><\/p>\n<p><strong>JURY pr\u00e9sid\u00e9 par Mr Pascal PLISSON<\/strong><\/p>\n<p>&nbsp;<\/p>\n<p><strong>Cat\u00e9gorie Maternelle<\/strong><\/p>\n<p>1 Arbre, 2 vies \/ LFI Duba\u00ef<\/p>\n<p><iframe loading=\"lazy\" src=\"https:\/\/www.youtube.com\/embed\/JxzRzMjymSg\" width=\"560\" height=\"315\" frameborder=\"0\" allowfullscreen=\"allowfullscreen\"><\/iframe><\/p>\n<p><strong>Cat\u00e9gorie GS\/CP<\/strong><\/p>\n<p>ABECEDAIRE du vivre ensemble \/ LFI Duba\u00ef<\/p>\n<p><iframe loading=\"lazy\" src=\"https:\/\/www.youtube.com\/embed\/WUGhAnhUj_E\" width=\"560\" height=\"315\" frameborder=\"0\" allowfullscreen=\"allowfullscreen\"><\/iframe><\/p>\n<p><strong> Cat\u00e9gorie CE1\/CE2<\/strong><\/p>\n<p>Ex aequo: La gomme magique\/ AL KHOBAR<\/p>\n<p><iframe loading=\"lazy\" src=\"https:\/\/www.youtube.com\/embed\/GqmWswRkyhA\" width=\"560\" height=\"315\" frameborder=\"0\" allowfullscreen=\"allowfullscreen\"><\/iframe><\/p>\n<p>Un jour dans la vie d&#8217;un palmier \/ LFI DUBA\u00cf<\/p>\n<p><iframe loading=\"lazy\" src=\"https:\/\/www.youtube.com\/embed\/WcMpLOXdTNU\" width=\"560\" height=\"315\" frameborder=\"0\" allowfullscreen=\"allowfullscreen\"><\/iframe><\/p>\n<p><strong> Cat\u00e9gorie CM1\/CM2<\/strong><\/p>\n<p>www.au camping.com \/ ERBIL<\/p>\n<p><iframe loading=\"lazy\" src=\"https:\/\/www.youtube.com\/embed\/MwpUKmuhJXA\" width=\"560\" height=\"315\" frameborder=\"0\" allowfullscreen=\"allowfullscreen\"><\/iframe><\/p>\n<p><strong> Cat\u00e9gorie Coll\u00e8ge<\/strong><\/p>\n<p>Les courts de Djeddah \/ DJEDDAH<\/p>\n<p><iframe loading=\"lazy\" src=\"https:\/\/www.youtube.com\/embed\/0U7o9WuwUoY\" width=\"560\" height=\"315\" frameborder=\"0\" allowfullscreen=\"allowfullscreen\"><\/iframe><\/p>\n<p><strong>Prix sp\u00e9cial du jury<\/strong><\/p>\n<p>Le bateau de papier \/ BAHREIN<\/p>\n<p><iframe loading=\"lazy\" src=\"https:\/\/www.youtube.com\/embed\/mLrzcsHV2us\" width=\"560\" height=\"315\" frameborder=\"0\" allowfullscreen=\"allowfullscreen\"><\/iframe><\/p>\n<p><strong> Prix du public<\/strong><\/p>\n<p>ABECEDAIRE du vivre ensemble \/ LFI Duba\u00ef<\/p>\n<p><iframe loading=\"lazy\" src=\"https:\/\/www.youtube.com\/embed\/WUGhAnhUj_E\" width=\"560\" height=\"315\" frameborder=\"0\" allowfullscreen=\"allowfullscreen\" data-mce-fragment=\"1\"><\/iframe><\/p>\n","protected":false},"excerpt":{"rendered":"<p>FESTIVAL DU FILM SCOLAIRE DU RESEAU GOLFE MLF AFLEC LES PETITS CINEASTES DU GOLFE- 6 mai 2017 JURY pr\u00e9sid\u00e9 par Mr Pascal PLISSON &nbsp; Cat\u00e9gorie Maternelle 1 Arbre, 2 vies \/ LFI Duba\u00ef Cat\u00e9gorie GS\/CP ABECEDAIRE du vivre ensemble \/ LFI Duba\u00ef Cat\u00e9gorie CE1\/CE2 Ex aequo: La gomme magique\/ AL KHOBAR Un jour dans la &hellip; <a href=\"https:\/\/lespetitscineastesdugolfe.org\/?page_id=59\" class=\"more-link\">Continue reading <span class=\"screen-reader-text\">PALMAR\u00c8S 2017 4\u00e8me \u00c9DITION<\/span><\/a><\/p>\n","protected":false},"author":1,"featured_media":0,"parent":0,"menu_order":0,"comment_status":"closed","ping_status":"closed","template":"","meta":{"footnotes":""},"class_list":["post-59","page","type-page","status-publish","hentry"],"_links":{"self":[{"href":"https:\/\/lespetitscineastesdugolfe.org\/index.php?rest_route=\/wp\/v2\/pages\/59","targetHints":{"allow":["GET"]}}],"collection":[{"href":"https:\/\/lespetitscineastesdugolfe.org\/index.php?rest_route=\/wp\/v2\/pages"}],"about":[{"href":"https:\/\/lespetitscineastesdugolfe.org\/index.php?rest_route=\/wp\/v2\/types\/page"}],"author":[{"embeddable":true,"href":"https:\/\/lespetitscineastesdugolfe.org\/index.php?rest_route=\/wp\/v2\/users\/1"}],"replies":[{"embeddable":true,"href":"https:\/\/lespetitscineastesdugolfe.org\/index.php?rest_route=%2Fwp%2Fv2%2Fcomments&post=59"}],"version-history":[{"count":3,"href":"https:\/\/lespetitscineastesdugolfe.org\/index.php?rest_route=\/wp\/v2\/pages\/59\/revisions"}],"predecessor-version":[{"id":62,"href":"https:\/\/lespetitscineastesdugolfe.org\/index.php?rest_route=\/wp\/v2\/pages\/59\/revisions\/62"}],"wp:attachment":[{"href":"https:\/\/lespetitscineastesdugolfe.org\/index.php?rest_route=%2Fwp%2Fv2%2Fmedia&parent=59"}],"curies":[{"name":"wp","href":"https:\/\/api.w.org\/{rel}","templated":true}]}}