{"id":459,"date":"2024-10-08T07:38:07","date_gmt":"2024-10-08T05:38:07","guid":{"rendered":"http:\/\/lespetitscineastesdugolfe.org\/?page_id=459"},"modified":"2024-10-08T08:26:34","modified_gmt":"2024-10-08T06:26:34","slug":"palmares-de-la-11eme-edition","status":"publish","type":"page","link":"https:\/\/lespetitscineastesdugolfe.org\/?page_id=459","title":{"rendered":"Palmar\u00e8s de la 11\u00e8me \u00e9dition"},"content":{"rendered":"<p><iframe loading=\"lazy\" title=\"Les petits cine\u0301astes du Golfe -  11e\u0300me e\u0301dition\" width=\"660\" height=\"371\" src=\"https:\/\/www.youtube.com\/embed\/-BBxGE-tNIA?feature=oembed\" frameborder=\"0\" allow=\"accelerometer; autoplay; clipboard-write; encrypted-media; gyroscope; picture-in-picture; web-share\" referrerpolicy=\"strict-origin-when-cross-origin\" allowfullscreen><\/iframe><\/p>\n<h3><strong>Laur\u00e9ats &#8211; Films de Classe<\/strong><\/h3>\n<ul>\n<li><strong>Cat\u00e9gorie Maternelle<\/strong> :<br \/>\n<em>&#8220;Le voyage initiatique du poisson Arc en Ciel&#8221;<\/em> \u2013 GS D \u2013 Lyc\u00e9e MLF Balzac Le Caire<iframe loading=\"lazy\" title=\"S\u00e9lection 2024 #2 Le voyage initiatique du poisson Arc-en-ciel - GSD - Lyc\u00e9e MLF Bazac Le Caire\" width=\"660\" height=\"495\" src=\"https:\/\/www.youtube.com\/embed\/JUouU6nVkAE?feature=oembed\" frameborder=\"0\" allow=\"accelerometer; autoplay; clipboard-write; encrypted-media; gyroscope; picture-in-picture; web-share\" referrerpolicy=\"strict-origin-when-cross-origin\" allowfullscreen><\/iframe><\/li>\n<li><strong>Cat\u00e9gorie CP<\/strong> :<br \/>\n<em>&#8220;Le loup&#8221;<\/em> \u2013 CP 1 et 2 \u2013 Lyc\u00e9e Fran\u00e7ais International AFLEC Duba\u00ef<iframe loading=\"lazy\" title=\"S\u00e9lection 2024 #7 Le loup\u2026 - CP1 et CP2 - Lyc\u00e9e fran\u00e7ais international de Duba\u00ef\" width=\"660\" height=\"371\" src=\"https:\/\/www.youtube.com\/embed\/uc4Ar5meDjA?feature=oembed\" frameborder=\"0\" allow=\"accelerometer; autoplay; clipboard-write; encrypted-media; gyroscope; picture-in-picture; web-share\" referrerpolicy=\"strict-origin-when-cross-origin\" allowfullscreen><\/iframe><\/li>\n<li><strong>Cat\u00e9gorie CE1<\/strong> :<br \/>\n<em>&#8220;Jonglopolis&#8221;<\/em> \u2013 CE1 C \u2013 \u00c9cole Fran\u00e7aise Internationale Djeddah<iframe loading=\"lazy\" title=\"#12\u00a0Jonglopolis - CE1C - Ecole fran\u00e7aise internationale de Djeddah\" width=\"660\" height=\"371\" src=\"https:\/\/www.youtube.com\/embed\/yzeLecIyKbA?feature=oembed\" frameborder=\"0\" allow=\"accelerometer; autoplay; clipboard-write; encrypted-media; gyroscope; picture-in-picture; web-share\" referrerpolicy=\"strict-origin-when-cross-origin\" allowfullscreen><\/iframe><\/li>\n<li><strong>Cat\u00e9gorie CE2<\/strong> :<br \/>\n<em>&#8220;La fleur magique&#8221;<\/em> \u2013 CE2 B \u2013 Lyc\u00e9e Fran\u00e7ais International Th\u00e9odore Monod Abu Dhabi<\/li>\n<\/ul>\n<p><iframe loading=\"lazy\" title=\"S\u00e9lection 2024 #13\u00a0La fleur magique - CE2B - Lyc\u00e9e fran\u00e7ais Th\u00e9odore Monod d\u2019Abou Dabi\" width=\"660\" height=\"371\" src=\"https:\/\/www.youtube.com\/embed\/eiDF9JEQEUY?feature=oembed\" frameborder=\"0\" allow=\"accelerometer; autoplay; clipboard-write; encrypted-media; gyroscope; picture-in-picture; web-share\" referrerpolicy=\"strict-origin-when-cross-origin\" allowfullscreen><\/iframe><\/p>\n<ul>\n<li><strong>Cat\u00e9gorie CM1\/CM2<\/strong> :<br \/>\n<em>&#8220;Rien ne sert de courir&#8221;<\/em> \u2013 CM2-1 \u2013 Lyc\u00e9e Fran\u00e7ais International AFLEC Duba\u00ef<iframe loading=\"lazy\" title=\"S\u00e9lection 2024 #22 Rien ne sert de courir - CM2 1 - Lyc\u00e9e fran\u00e7ais international de Duba\u00ef\" width=\"660\" height=\"371\" src=\"https:\/\/www.youtube.com\/embed\/SsP6I9rlROM?feature=oembed\" frameborder=\"0\" allow=\"accelerometer; autoplay; clipboard-write; encrypted-media; gyroscope; picture-in-picture; web-share\" referrerpolicy=\"strict-origin-when-cross-origin\" allowfullscreen><\/iframe><\/li>\n<li><strong>Cat\u00e9gorie Coll\u00e8ge<\/strong> :<br \/>\n<em>&#8220;Au del\u00e0 des paniers&#8221;<\/em> \u2013 3\u00e8me \u2013 Lyc\u00e9e Fran\u00e7ais International Alexandrie<iframe loading=\"lazy\" title=\"S\u00e9lection 2024 #27 Au del\u00e0 des paniers - 3\u00e8me - Lyc\u00e9e fran\u00e7ais d\u2019Alexandrie en Egypte\" width=\"660\" height=\"371\" src=\"https:\/\/www.youtube.com\/embed\/8WHBWsNeLO8?feature=oembed\" frameborder=\"0\" allow=\"accelerometer; autoplay; clipboard-write; encrypted-media; gyroscope; picture-in-picture; web-share\" referrerpolicy=\"strict-origin-when-cross-origin\" allowfullscreen><\/iframe><\/li>\n<\/ul>\n<h3><strong>Films &#8220;fait \u00e0 la maison&#8221; Primaire<\/strong><\/h3>\n<ul>\n<li><em>&#8220;L\u2019aventure de Tom Castel&#8221;<\/em> \u2013 Fawaz Rached \u2013 EFI Djeddah<\/li>\n<\/ul>\n<p><iframe loading=\"lazy\" title=\"S\u00e9lection 2024 #34 L\u2019aventure de Tom Castel\" width=\"660\" height=\"371\" src=\"https:\/\/www.youtube.com\/embed\/Jt8sKJNTVnc?feature=oembed\" frameborder=\"0\" allow=\"accelerometer; autoplay; clipboard-write; encrypted-media; gyroscope; picture-in-picture; web-share\" referrerpolicy=\"strict-origin-when-cross-origin\" allowfullscreen><\/iframe><\/p>\n<h3><strong>Cat\u00e9gorie Lyc\u00e9e<\/strong><\/h3>\n<ul>\n<li><em>&#8220;Cin\u00e9ma Infierno&#8221;<\/em> \u2013 2nde et 1\u00e8re option cin\u00e9ma \u2013 LFI Th\u00e9odore Monod Abu Dhabi<\/li>\n<\/ul>\n<p><iframe loading=\"lazy\" title=\"S\u00e9lection 2024 #28 Cin\u00e9ma Infierno - 2nd &amp; 1\u00e8re option cin\u00e9ma -\u00a0 LFITM d\u2019Abou Dabi\" width=\"660\" height=\"371\" src=\"https:\/\/www.youtube.com\/embed\/yeKrdDrc2bk?feature=oembed\" frameborder=\"0\" allow=\"accelerometer; autoplay; clipboard-write; encrypted-media; gyroscope; picture-in-picture; web-share\" referrerpolicy=\"strict-origin-when-cross-origin\" allowfullscreen><\/iframe><\/p>\n<h3><strong>Films &#8220;fait \u00e0 la maison&#8221; Secondaire<\/strong><\/h3>\n<ul>\n<li><em>&#8220;La prochaine&#8221;<\/em> \u2013 Alanoud Al Sahlawi \u2013 EFI Djeddah<\/li>\n<\/ul>\n<p><iframe loading=\"lazy\" title=\"S\u00e9lection 2024 #42 La prochaine\" width=\"660\" height=\"371\" src=\"https:\/\/www.youtube.com\/embed\/GTOxeLnbM-s?feature=oembed\" frameborder=\"0\" allow=\"accelerometer; autoplay; clipboard-write; encrypted-media; gyroscope; picture-in-picture; web-share\" referrerpolicy=\"strict-origin-when-cross-origin\" allowfullscreen><\/iframe><\/p>\n<h3><strong>Films Hors cat\u00e9gorie<\/strong><\/h3>\n<ul>\n<li><em>&#8220;Traitres 2&#8221;<\/em> \u2013 CM1-2, CPH, CM1B \u2013 LFI AFLEC Duba\u00ef<\/li>\n<\/ul>\n<p><iframe loading=\"lazy\" title=\"#43 Tra\u00eetres 2 - Le jardin des tra\u00eetres  CM1 2 CPH CM1 B - Lyc\u00e9e fran\u00e7ais international de Duba\u00ef\" width=\"660\" height=\"371\" src=\"https:\/\/www.youtube.com\/embed\/F8rmMrE-P8s?feature=oembed\" frameborder=\"0\" allow=\"accelerometer; autoplay; clipboard-write; encrypted-media; gyroscope; picture-in-picture; web-share\" referrerpolicy=\"strict-origin-when-cross-origin\" allowfullscreen><\/iframe><\/p>\n<h3><strong>Prix du public<\/strong><\/h3>\n<ul>\n<li><em>&#8220;Jonglopolis&#8221;<\/em> \u2013 CE1 C \u2013 \u00c9cole Fran\u00e7aise Internationale Djeddah&nbsp;\n<p><iframe loading=\"lazy\" title=\"#12\u00a0Jonglopolis - CE1C - Ecole fran\u00e7aise internationale de Djeddah\" width=\"660\" height=\"371\" src=\"https:\/\/www.youtube.com\/embed\/yzeLecIyKbA?feature=oembed\" frameborder=\"0\" allow=\"accelerometer; autoplay; clipboard-write; encrypted-media; gyroscope; picture-in-picture; web-share\" referrerpolicy=\"strict-origin-when-cross-origin\" allowfullscreen><\/iframe><\/li>\n<li>\n<div class=\"page\" title=\"Page 1\">\n<div class=\"section\">\n<div class=\"layoutArea\">\n<div class=\"column\">\n<p><em>&#8220;Au-dela\u0300 des anne\u0301es&#8221;<\/em> de Talia Elkhomi Lyce\u0301e Franc\u0327ais MLF Bahrein<\/p>\n<\/div>\n<p><iframe loading=\"lazy\" title=\"S\u00e9lection 2024 #40 Au-del\u00e0 des ann\u00e9es : un voyage avec mon Moi pass\u00e9e\" width=\"660\" height=\"371\" src=\"https:\/\/www.youtube.com\/embed\/mpcFNwu8BUw?feature=oembed\" frameborder=\"0\" allow=\"accelerometer; autoplay; clipboard-write; encrypted-media; gyroscope; picture-in-picture; web-share\" referrerpolicy=\"strict-origin-when-cross-origin\" allowfullscreen><\/iframe><\/p>\n<\/div>\n<\/div>\n<\/div>\n<\/li>\n<\/ul>\n<h3><strong>Prix des festivaliers<\/strong><\/h3>\n<ul>\n<li><em>&#8220;Jonglopolis&#8221;<\/em> \u2013 CE1 C \u2013 EFI Djeddah<\/li>\n<\/ul>\n<p><iframe loading=\"lazy\" title=\"#12\u00a0Jonglopolis - CE1C - Ecole fran\u00e7aise internationale de Djeddah\" width=\"660\" height=\"371\" src=\"https:\/\/www.youtube.com\/embed\/yzeLecIyKbA?feature=oembed\" frameborder=\"0\" allow=\"accelerometer; autoplay; clipboard-write; encrypted-media; gyroscope; picture-in-picture; web-share\" referrerpolicy=\"strict-origin-when-cross-origin\" allowfullscreen><\/iframe><\/p>\n<div class=\"flex max-w-full flex-col flex-grow\">\n<div class=\"min-h-8 text-message flex w-full flex-col items-end gap-2 whitespace-normal break-words [.text-message+&amp;]:mt-5\" dir=\"auto\" data-message-author-role=\"assistant\" data-message-id=\"cec4884b-e0de-4804-ae1c-07b04e71d14b\">\n<div class=\"flex w-full flex-col gap-1 empty:hidden first:pt-[3px]\">\n<div class=\"markdown prose w-full break-words dark:prose-invert light\">\n<h3><strong>Prix sp\u00e9cial du jury<\/strong><\/h3>\n<ul>\n<li><em>&#8220;Totorobot&#8221;<\/em> de Yassine Chenini \u2013 EFI Djeddah<\/li>\n<\/ul>\n<p><iframe loading=\"lazy\" title=\"S\u00e9lection 2024 #35 Mon h\u00e9ro Totorobot\" width=\"660\" height=\"371\" src=\"https:\/\/www.youtube.com\/embed\/Utcgap8v_ro?feature=oembed\" frameborder=\"0\" allow=\"accelerometer; autoplay; clipboard-write; encrypted-media; gyroscope; picture-in-picture; web-share\" referrerpolicy=\"strict-origin-when-cross-origin\" allowfullscreen><\/iframe><\/p>\n<ul>\n<li><em>&#8220;Notre \u00e9cole, nos cabanes&#8221;<\/em> \u2013 CM1A \u2013 \u00c9cole fran\u00e7aise Al Khobar<\/li>\n<\/ul>\n<p><iframe loading=\"lazy\" title=\"S\u00e9lection 2024 #18\u00a0Notre \u00e9cole, nos cabanes - CM1A - Ecole fran\u00e7aise d\u2019Al Khobar\" width=\"660\" height=\"371\" src=\"https:\/\/www.youtube.com\/embed\/vElLeSwqndE?feature=oembed\" frameborder=\"0\" allow=\"accelerometer; autoplay; clipboard-write; encrypted-media; gyroscope; picture-in-picture; web-share\" referrerpolicy=\"strict-origin-when-cross-origin\" allowfullscreen><\/iframe><\/p>\n<ul>\n<li><em>&#8220;R\u00eaves d\u2019enfants&#8221;<\/em> \u2013 CE1C \u2013 LFI Th\u00e9odore Monod Abu Dhabi<\/li>\n<\/ul>\n<\/div>\n<\/div>\n<\/div>\n<\/div>\n<div class=\"mb-2 flex gap-3 empty:hidden -ml-2\">\n<div class=\"items-center justify-start rounded-xl p-1 flex\">\n<p><iframe loading=\"lazy\" title=\"S\u00e9lection 2024 #10\u00a0R\u00eaves d\u2019enfants - CE1C - Lyc\u00e9e fran\u00e7ais Th\u00e9odore Monod d\u2019Abou Dabi\" width=\"660\" height=\"371\" src=\"https:\/\/www.youtube.com\/embed\/D-W1UpDdIRg?feature=oembed\" frameborder=\"0\" allow=\"accelerometer; autoplay; clipboard-write; encrypted-media; gyroscope; picture-in-picture; web-share\" referrerpolicy=\"strict-origin-when-cross-origin\" allowfullscreen><\/iframe><\/p>\n<\/div>\n<\/div>\n<h3><strong>Prix du comit\u00e9 organisateur<\/strong><\/h3>\n<ul>\n<li><em>&#8220;Ressentir la litt\u00e9rature&#8221;<\/em> \u2013 LFI Victor Hugo de Djerba<\/li>\n<\/ul>\n<p><iframe loading=\"lazy\" title=\"#45 Ressentir la litt\u00e9rature (4 \u00e9pisodes)\" width=\"660\" height=\"371\" src=\"https:\/\/www.youtube.com\/embed\/KgJMHp-5F_Q?feature=oembed\" frameborder=\"0\" allow=\"accelerometer; autoplay; clipboard-write; encrypted-media; gyroscope; picture-in-picture; web-share\" referrerpolicy=\"strict-origin-when-cross-origin\" allowfullscreen><\/iframe><\/p>\n","protected":false},"excerpt":{"rendered":"<p>Laur\u00e9ats &#8211; Films de Classe Cat\u00e9gorie Maternelle : &#8220;Le voyage initiatique du poisson Arc en Ciel&#8221; \u2013 GS D \u2013 Lyc\u00e9e MLF Balzac Le Caire Cat\u00e9gorie CP : &#8220;Le loup&#8221; \u2013 CP 1 et 2 \u2013 Lyc\u00e9e Fran\u00e7ais International AFLEC Duba\u00ef Cat\u00e9gorie CE1 : &#8220;Jonglopolis&#8221; \u2013 CE1 C \u2013 \u00c9cole Fran\u00e7aise Internationale Djeddah Cat\u00e9gorie CE2 &hellip; <a href=\"https:\/\/lespetitscineastesdugolfe.org\/?page_id=459\" class=\"more-link\">Continue reading <span class=\"screen-reader-text\">Palmar\u00e8s de la 11\u00e8me \u00e9dition<\/span><\/a><\/p>\n","protected":false},"author":1,"featured_media":0,"parent":0,"menu_order":0,"comment_status":"closed","ping_status":"closed","template":"","meta":{"footnotes":""},"class_list":["post-459","page","type-page","status-publish","hentry"],"_links":{"self":[{"href":"https:\/\/lespetitscineastesdugolfe.org\/index.php?rest_route=\/wp\/v2\/pages\/459","targetHints":{"allow":["GET"]}}],"collection":[{"href":"https:\/\/lespetitscineastesdugolfe.org\/index.php?rest_route=\/wp\/v2\/pages"}],"about":[{"href":"https:\/\/lespetitscineastesdugolfe.org\/index.php?rest_route=\/wp\/v2\/types\/page"}],"author":[{"embeddable":true,"href":"https:\/\/lespetitscineastesdugolfe.org\/index.php?rest_route=\/wp\/v2\/users\/1"}],"replies":[{"embeddable":true,"href":"https:\/\/lespetitscineastesdugolfe.org\/index.php?rest_route=%2Fwp%2Fv2%2Fcomments&post=459"}],"version-history":[{"count":4,"href":"https:\/\/lespetitscineastesdugolfe.org\/index.php?rest_route=\/wp\/v2\/pages\/459\/revisions"}],"predecessor-version":[{"id":463,"href":"https:\/\/lespetitscineastesdugolfe.org\/index.php?rest_route=\/wp\/v2\/pages\/459\/revisions\/463"}],"wp:attachment":[{"href":"https:\/\/lespetitscineastesdugolfe.org\/index.php?rest_route=%2Fwp%2Fv2%2Fmedia&parent=459"}],"curies":[{"name":"wp","href":"https:\/\/api.w.org\/{rel}","templated":true}]}}