{"id":436,"date":"2024-05-05T23:54:04","date_gmt":"2024-05-05T21:54:04","guid":{"rendered":"http:\/\/lespetitscineastesdugolfe.org\/?page_id=436"},"modified":"2024-05-05T23:54:04","modified_gmt":"2024-05-05T21:54:04","slug":"selection-hors-categorie-2024","status":"publish","type":"page","link":"https:\/\/lespetitscineastesdugolfe.org\/?page_id=436","title":{"rendered":"S\u00e9lection hors cat\u00e9gorie 2024"},"content":{"rendered":"<p><i><span style=\"font-weight: 400;\">#43 Tra\u00eetres 2 &#8211; Le jardin des tra\u00eetres <\/span><\/i><span style=\"font-weight: 400;\">&#8211; CM1 2 CPH CM1 B &#8211; Lyc\u00e9e fran\u00e7ais international de Duba\u00ef\u00a0<\/span><\/p>\n<p><iframe loading=\"lazy\" title=\"YouTube video player\" src=\"https:\/\/www.youtube.com\/embed\/F8rmMrE-P8s?si=-zRDpkHI6Iqo2fJK\" width=\"560\" height=\"315\" frameborder=\"0\" allowfullscreen=\"allowfullscreen\"><\/iframe><\/p>\n<p><i><span style=\"font-weight: 400;\">#44 Exp\u00e9riences stop motion <\/span><\/i><span style=\"font-weight: 400;\">&#8211; CE1 CE2 atelier p\u00e9riscolaire &#8211; \u00c9cole fran\u00e7aise internationale de Djeddah<\/span><\/p>\n<p><iframe loading=\"lazy\" title=\"YouTube video player\" src=\"https:\/\/www.youtube.com\/embed\/o5OzuF9FDSk?si=msX1D1igNz0SjR1E\" width=\"560\" height=\"315\" frameborder=\"0\" allowfullscreen=\"allowfullscreen\"><\/iframe><\/p>\n<p><i><span style=\"font-weight: 400;\">#45 Ressentir la litt\u00e9rature <\/span><\/i><span style=\"font-weight: 400;\">(4 \u00e9pisodes) &#8211; Isleym Isra, Fatma Chahd, Aymen, Imed, Renen, Jasmine et Helo\u00efse &#8211;\u00a0 \u00a0Lyc\u00e9e fran\u00e7ais international Victor Hugo de Djerba (Tunisie)\u00a0<\/span><\/p>\n<p><iframe loading=\"lazy\" title=\"YouTube video player\" src=\"https:\/\/www.youtube.com\/embed\/KgJMHp-5F_Q?si=ox5QiuZ_9dh6v8k_\" width=\"560\" height=\"315\" frameborder=\"0\" allowfullscreen=\"allowfullscreen\"><\/iframe><\/p>\n<p><iframe loading=\"lazy\" title=\"YouTube video player\" src=\"https:\/\/www.youtube.com\/embed\/qUAm5j7osEA?si=UOPZqtQdssoUMw4F\" width=\"560\" height=\"315\" frameborder=\"0\" allowfullscreen=\"allowfullscreen\"><\/iframe><\/p>\n<p><iframe loading=\"lazy\" title=\"YouTube video player\" src=\"https:\/\/www.youtube.com\/embed\/VMakqRePnYE?si=av2heXYmK6awIzHn\" width=\"560\" height=\"315\" frameborder=\"0\" allowfullscreen=\"allowfullscreen\"><\/iframe><\/p>\n<p><iframe loading=\"lazy\" title=\"YouTube video player\" src=\"https:\/\/www.youtube.com\/embed\/8biFQfQqTE8?si=uXP1m2y3A1loIuLL\" width=\"560\" height=\"315\" frameborder=\"0\" allowfullscreen=\"allowfullscreen\"><\/iframe><\/p>\n<p>&nbsp;<\/p>\n<p>&nbsp;<\/p>\n","protected":false},"excerpt":{"rendered":"<p>#43 Tra\u00eetres 2 &#8211; Le jardin des tra\u00eetres &#8211; CM1 2 CPH CM1 B &#8211; Lyc\u00e9e fran\u00e7ais international de Duba\u00ef\u00a0 #44 Exp\u00e9riences stop motion &#8211; CE1 CE2 atelier p\u00e9riscolaire &#8211; \u00c9cole fran\u00e7aise internationale de Djeddah #45 Ressentir la litt\u00e9rature (4 \u00e9pisodes) &#8211; Isleym Isra, Fatma Chahd, Aymen, Imed, Renen, Jasmine et Helo\u00efse &#8211;\u00a0 \u00a0Lyc\u00e9e fran\u00e7ais &hellip; <a href=\"https:\/\/lespetitscineastesdugolfe.org\/?page_id=436\" class=\"more-link\">Continue reading <span class=\"screen-reader-text\">S\u00e9lection hors cat\u00e9gorie 2024<\/span><\/a><\/p>\n","protected":false},"author":1,"featured_media":0,"parent":0,"menu_order":0,"comment_status":"closed","ping_status":"closed","template":"","meta":{"footnotes":""},"class_list":["post-436","page","type-page","status-publish","hentry"],"_links":{"self":[{"href":"https:\/\/lespetitscineastesdugolfe.org\/index.php?rest_route=\/wp\/v2\/pages\/436","targetHints":{"allow":["GET"]}}],"collection":[{"href":"https:\/\/lespetitscineastesdugolfe.org\/index.php?rest_route=\/wp\/v2\/pages"}],"about":[{"href":"https:\/\/lespetitscineastesdugolfe.org\/index.php?rest_route=\/wp\/v2\/types\/page"}],"author":[{"embeddable":true,"href":"https:\/\/lespetitscineastesdugolfe.org\/index.php?rest_route=\/wp\/v2\/users\/1"}],"replies":[{"embeddable":true,"href":"https:\/\/lespetitscineastesdugolfe.org\/index.php?rest_route=%2Fwp%2Fv2%2Fcomments&post=436"}],"version-history":[{"count":1,"href":"https:\/\/lespetitscineastesdugolfe.org\/index.php?rest_route=\/wp\/v2\/pages\/436\/revisions"}],"predecessor-version":[{"id":437,"href":"https:\/\/lespetitscineastesdugolfe.org\/index.php?rest_route=\/wp\/v2\/pages\/436\/revisions\/437"}],"wp:attachment":[{"href":"https:\/\/lespetitscineastesdugolfe.org\/index.php?rest_route=%2Fwp%2Fv2%2Fmedia&parent=436"}],"curies":[{"name":"wp","href":"https:\/\/api.w.org\/{rel}","templated":true}]}}