{"id":42,"date":"2018-04-10T23:48:12","date_gmt":"2018-04-10T21:48:12","guid":{"rendered":"http:\/\/lespetitscineastesdugolfe.org\/?page_id=42"},"modified":"2018-04-10T23:48:51","modified_gmt":"2018-04-10T21:48:51","slug":"palmares-3eme-edition-2016","status":"publish","type":"page","link":"https:\/\/lespetitscineastesdugolfe.org\/?page_id=42","title":{"rendered":"PALMAR\u00c8S 3EME EDITION 2016"},"content":{"rendered":"<p><span style=\"text-decoration: underline;\">PRIX DE LA CAT\u00c9GORIE GS CP CE1<\/span><\/p>\n<p><strong>LE LOUP QUI CHERCHAIT UNE PERLE \u00c0 DUBA\u00cf<\/strong><br \/>\nICE SCHOOL DUBA\u00cf \u2013 GSB &amp; KG2<br \/>\nANIMATION 3\u201957<\/p>\n<p><iframe loading=\"lazy\" src=\"https:\/\/www.youtube.com\/embed\/sjPL9R9fAMs\" width=\"560\" height=\"315\" frameborder=\"0\" allowfullscreen=\"allowfullscreen\"><\/iframe><\/p>\n<p><span style=\"text-decoration: underline;\">PRIX DE LA CAT\u00c9GORIE CE1 CE2<\/span><\/p>\n<p><strong>UN JOUR SUR LA PLAGE, \u00c0 L\u2019OC\u00c9AN<\/strong><br \/>\nLFI DUBA\u00cf &#8211; CE1D<br \/>\nANIMATION 0\u201942<\/p>\n<p><iframe loading=\"lazy\" src=\"https:\/\/www.youtube.com\/embed\/yRuhm3Bdz5o\" width=\"560\" height=\"315\" frameborder=\"0\" allowfullscreen=\"allowfullscreen\"><\/iframe><\/p>\n<p><span style=\"text-decoration: underline;\">PRIX DE LA CAT\u00c9GORIE CM1 CM2<\/span><\/p>\n<p><strong>UNE NAVETTE BIEN SP\u00c9CIALE<\/strong><br \/>\nICE SCHOOL DUBA\u00cf \u2013 CM1<br \/>\nFICTION \/ ANIMATION &#8211; 3\u201937<\/p>\n<p><iframe loading=\"lazy\" src=\"https:\/\/www.youtube.com\/embed\/gCq0WNiMdyw\" width=\"560\" height=\"315\" frameborder=\"0\" allowfullscreen=\"allowfullscreen\"><\/iframe><\/p>\n<p><span style=\"text-decoration: underline;\">PRIX DE LA CAT\u00c9GORIE COLL\u00c8GE ET PRIX DU PUBLIC<\/span><\/p>\n<p><strong>AL CHIMIE<\/strong><br \/>\nECOLE MLF DANIELLE MITTERRAND \u00c0 ERBIL \u2013 4\u00e8me<br \/>\nTUTO \/ DOCUMENTAIRE &#8211; 6\u2019<\/p>\n<p><iframe loading=\"lazy\" src=\"https:\/\/www.youtube.com\/embed\/N9aMbSX_OWA\" width=\"560\" height=\"315\" frameborder=\"0\" allowfullscreen=\"allowfullscreen\"><\/iframe><\/p>\n<p><span style=\"text-decoration: underline;\">PRIX DU JURY<\/span><\/p>\n<p><strong>LE VOYAGE<\/strong><br \/>\nLFI DUBA\u00cf \u2013 Zachary Koenig (5\u00e8me A)<br \/>\nDOCUMENTAIRE \/ EXP\u00c9RIMENTAL 2\u201909<\/p>\n<p><iframe loading=\"lazy\" src=\"https:\/\/www.youtube.com\/embed\/uo8_H-5bM94\" width=\"560\" height=\"315\" frameborder=\"0\" allowfullscreen=\"allowfullscreen\"><\/iframe><\/p>\n","protected":false},"excerpt":{"rendered":"<p>PRIX DE LA CAT\u00c9GORIE GS CP CE1 LE LOUP QUI CHERCHAIT UNE PERLE \u00c0 DUBA\u00cf ICE SCHOOL DUBA\u00cf \u2013 GSB &amp; KG2 ANIMATION 3\u201957 PRIX DE LA CAT\u00c9GORIE CE1 CE2 UN JOUR SUR LA PLAGE, \u00c0 L\u2019OC\u00c9AN LFI DUBA\u00cf &#8211; CE1D ANIMATION 0\u201942 PRIX DE LA CAT\u00c9GORIE CM1 CM2 UNE NAVETTE BIEN SP\u00c9CIALE ICE SCHOOL &hellip; <a href=\"https:\/\/lespetitscineastesdugolfe.org\/?page_id=42\" class=\"more-link\">Continue reading <span class=\"screen-reader-text\">PALMAR\u00c8S 3EME EDITION 2016<\/span><\/a><\/p>\n","protected":false},"author":1,"featured_media":0,"parent":0,"menu_order":0,"comment_status":"closed","ping_status":"closed","template":"","meta":{"footnotes":""},"class_list":["post-42","page","type-page","status-publish","hentry"],"_links":{"self":[{"href":"https:\/\/lespetitscineastesdugolfe.org\/index.php?rest_route=\/wp\/v2\/pages\/42","targetHints":{"allow":["GET"]}}],"collection":[{"href":"https:\/\/lespetitscineastesdugolfe.org\/index.php?rest_route=\/wp\/v2\/pages"}],"about":[{"href":"https:\/\/lespetitscineastesdugolfe.org\/index.php?rest_route=\/wp\/v2\/types\/page"}],"author":[{"embeddable":true,"href":"https:\/\/lespetitscineastesdugolfe.org\/index.php?rest_route=\/wp\/v2\/users\/1"}],"replies":[{"embeddable":true,"href":"https:\/\/lespetitscineastesdugolfe.org\/index.php?rest_route=%2Fwp%2Fv2%2Fcomments&post=42"}],"version-history":[{"count":1,"href":"https:\/\/lespetitscineastesdugolfe.org\/index.php?rest_route=\/wp\/v2\/pages\/42\/revisions"}],"predecessor-version":[{"id":44,"href":"https:\/\/lespetitscineastesdugolfe.org\/index.php?rest_route=\/wp\/v2\/pages\/42\/revisions\/44"}],"wp:attachment":[{"href":"https:\/\/lespetitscineastesdugolfe.org\/index.php?rest_route=%2Fwp%2Fv2%2Fmedia&parent=42"}],"curies":[{"name":"wp","href":"https:\/\/api.w.org\/{rel}","templated":true}]}}