{"id":412,"date":"2024-05-01T20:40:08","date_gmt":"2024-05-01T18:40:08","guid":{"rendered":"http:\/\/lespetitscineastesdugolfe.org\/?page_id=412"},"modified":"2024-05-12T11:41:23","modified_gmt":"2024-05-12T09:41:23","slug":"selection-2024","status":"publish","type":"page","link":"https:\/\/lespetitscineastesdugolfe.org\/?page_id=412","title":{"rendered":"S\u00e9lection 2024 Films de classe"},"content":{"rendered":"<h2>CAT\u00c9GORIE MATERNELLE<\/h2>\n<p><i><span style=\"font-weight: 400;\">#1 La main verte <\/span><\/i><span style=\"font-weight: 400;\">&#8211; PSC &#8211; Lyc\u00e9e fran\u00e7ais international de Duba\u00ef\u00a0<\/span><\/p>\n<p><iframe loading=\"lazy\" title=\"YouTube video player\" src=\"https:\/\/www.youtube.com\/embed\/23Ajt_2mLQQ?si=yP4s4U3AYLB6aqrt\" width=\"560\" height=\"315\" frameborder=\"0\" allowfullscreen=\"allowfullscreen\"><\/iframe><i><\/i><\/p>\n<p><i>#2 Le voyage initiatique du poisson Arc-en-ciel<\/i> -GSD &#8211; Lyc\u00e9e MLF Bazac Le Caire<\/p>\n<p><iframe loading=\"lazy\" title=\"YouTube video player\" src=\"https:\/\/www.youtube.com\/embed\/JUouU6nVkAE?si=8MkBPDdTpssAEuMp\" width=\"560\" height=\"315\" frameborder=\"0\" allowfullscreen=\"allowfullscreen\"><\/iframe><\/p>\n<h2>CAT\u00c9GORIE CP<\/h2>\n<p><span style=\"font-weight: 400;\"><i style=\"font-size: 17px; font-weight: 400;\">#3 Si j\u2019avais un vaisseau spatial &#8211;<\/i>\u00a0<\/span><span style=\"font-weight: 400;\">CPB &#8211;\u00a0 Lyc\u00e9e fran\u00e7ais international de Duba\u00ef\u00a0<\/span><\/p>\n<p><iframe loading=\"lazy\" title=\"YouTube video player\" src=\"https:\/\/www.youtube.com\/embed\/CyGWJF9FB0I?si=vvFAv5nVNyGpi7rM\" width=\"560\" height=\"315\" frameborder=\"0\" allowfullscreen=\"allowfullscreen\"><\/iframe><i><\/i><\/p>\n<p><i>#4 Le clown et la pomme magique <\/i>&#8211; CPE &#8211;\u00a0 Lyc\u00e9e Fran\u00e7ais International Th\u00e9odore Monod d\u2019Abou Dabi<\/p>\n<p><iframe loading=\"lazy\" title=\"YouTube video player\" src=\"https:\/\/www.youtube.com\/embed\/rpRnVqJNO64?si=YsuyDY1Uxo2e9LZu\" width=\"560\" height=\"315\" frameborder=\"0\" allowfullscreen=\"allowfullscreen\"><\/iframe><\/p>\n<p><i>#5\u00a0<\/i><i>Lettre \u00e0 notre Terre <\/i>&#8211; CPC et CPI &#8211; Lyc\u00e9e fran\u00e7ais international de Duba\u00ef<\/p>\n<p><iframe loading=\"lazy\" title=\"YouTube video player\" src=\"https:\/\/www.youtube.com\/embed\/axMq_ghhTso?si=WQm0_Cy1qMON7JFc\" width=\"560\" height=\"315\" frameborder=\"0\" allowfullscreen=\"allowfullscreen\"><\/iframe><\/p>\n<p><i>#6\u00a0<\/i><i><span style=\"font-weight: 400;\">La spatule de Bidule <\/span><\/i><span style=\"font-weight: 400;\">\u00a0&#8211; CPB &#8211; <\/span><span style=\"font-weight: 400;\">Lyc\u00e9e Fran\u00e7ais International Th\u00e9odore Monod d\u2019Abou Dabi<\/span><\/p>\n<p><iframe loading=\"lazy\" title=\"YouTube video player\" src=\"https:\/\/www.youtube.com\/embed\/4IcbDLkpwP8?si=F6l6jZVFtsPhqQGM\" width=\"560\" height=\"315\" frameborder=\"0\" allowfullscreen=\"allowfullscreen\"><\/iframe><\/p>\n<p><i>#7\u00a0Le loup\u2026 &#8211; CP1 et CP2 &#8211; Lyc\u00e9e fran\u00e7ais international de Duba\u00ef<\/i><\/p>\n<p><iframe loading=\"lazy\" title=\"YouTube video player\" src=\"https:\/\/www.youtube.com\/embed\/uc4Ar5meDjA?si=c2K9ZZ734oZ3eGCY\" width=\"560\" height=\"315\" frameborder=\"0\" allowfullscreen=\"allowfullscreen\"><\/iframe><\/p>\n<p><i>#8\u00a0<span style=\"font-weight: 400;\">\u00a0Les aventures d\u2019Aladin \u00e0 la d\u00e9couverte de Duba\u00ef <\/span><span style=\"font-weight: 400;\">&#8211; <\/span><\/i><span style=\"font-weight: 400;\">CPG et CPF &#8211; Lyc\u00e9e fran\u00e7ais international de Duba\u00ef<\/span><\/p>\n<p><iframe loading=\"lazy\" title=\"YouTube video player\" src=\"https:\/\/www.youtube.com\/embed\/aIcaDyTMvD4?si=WNyWmHPFzKE0HGUt\" width=\"560\" height=\"315\" frameborder=\"0\" allowfullscreen=\"allowfullscreen\"><\/iframe><\/p>\n<h2>CAT\u00c9GORIE CE1<\/h2>\n<p><i><span style=\"font-weight: 400;\">#9\u00a0<\/span><\/i><i><span style=\"font-weight: 400;\">Le voyage au pays des \u00e9motions &#8211; <\/span><\/i><span style=\"font-weight: 400;\">CE1B &#8211; Lyc\u00e9e fran\u00e7ais MLF d\u2019Alexandrie\u00a0<\/span><\/p>\n<p><iframe loading=\"lazy\" title=\"YouTube video player\" src=\"https:\/\/www.youtube.com\/embed\/RD4aP4GlRd8?si=D7RZQULulIPJYXwy\" width=\"560\" height=\"315\" frameborder=\"0\" allowfullscreen=\"allowfullscreen\"><\/iframe><\/p>\n<p>#10\u00a0<i><span style=\"font-weight: 400;\">R\u00eaves d\u2019enfants<\/span><\/i><span style=\"font-weight: 400;\"> &#8211; CE1C &#8211; Lyc\u00e9e fran\u00e7ais Th\u00e9odore Monod d\u2019Abou Dabi<\/span><\/p>\n<p><iframe loading=\"lazy\" title=\"YouTube video player\" src=\"https:\/\/www.youtube.com\/embed\/D-W1UpDdIRg?si=MvqgRlAWvCBEOZ4t\" width=\"560\" height=\"315\" frameborder=\"0\" allowfullscreen=\"allowfullscreen\"><\/iframe><\/p>\n<p>#11\u00a0<i><span style=\"font-weight: 400;\">La magie de la lecture <\/span><\/i><span style=\"font-weight: 400;\">&#8211; CE1B -Lyc\u00e9e fran\u00e7ais Th\u00e9odore Monod d\u2019Abou Dabi<\/span><\/p>\n<p><iframe loading=\"lazy\" title=\"YouTube video player\" src=\"https:\/\/www.youtube.com\/embed\/NvvxBIb4DYM?si=ScNiTooHFZ0HA4-P\" width=\"560\" height=\"315\" frameborder=\"0\" allowfullscreen=\"allowfullscreen\"><\/iframe><\/p>\n<p>#12\u00a0<span style=\"font-weight: 400;\"><em>Jonglopolis<\/em> &#8211; CE1C &#8211; Ecole fran\u00e7aise internationale de Djeddah<\/span><\/p>\n<p><iframe loading=\"lazy\" title=\"YouTube video player\" src=\"https:\/\/www.youtube.com\/embed\/yzeLecIyKbA?si=JPzmq1fa1cvAQz9O\" width=\"560\" height=\"315\" frameborder=\"0\" allowfullscreen=\"allowfullscreen\"><\/iframe><\/p>\n<h2>CAT\u00c9GORIE CE2<\/h2>\n<p>#13\u00a0<i><span style=\"font-weight: 400;\">La fleur magique <\/span><\/i><span style=\"font-weight: 400;\">&#8211; CE2B &#8211; Lyc\u00e9e fran\u00e7ais Th\u00e9odore Monod d\u2019Abou Dabi<\/span><\/p>\n<p><iframe loading=\"lazy\" title=\"YouTube video player\" src=\"https:\/\/www.youtube.com\/embed\/eiDF9JEQEUY?si=KI339-Qb4E9tQ71C\" width=\"560\" height=\"315\" frameborder=\"0\" allowfullscreen=\"allowfullscreen\"><\/iframe><\/p>\n<p>#14\u00a0<i><span style=\"font-weight: 400;\">La partie d\u2019\u00e9checs <\/span><\/i><span style=\"font-weight: 400;\">&#8211; CE2A &#8211; Lyc\u00e9e fran\u00e7ais Th\u00e9odore Monod d\u2019Abou Dabi<\/span><\/p>\n<p><iframe loading=\"lazy\" title=\"YouTube video player\" src=\"https:\/\/www.youtube.com\/embed\/-csXVQAjTg0?si=7diL2m8WPY1dHWur\" width=\"560\" height=\"315\" frameborder=\"0\" allowfullscreen=\"allowfullscreen\"><\/iframe><\/p>\n<p>#15\u00a0<i><span style=\"font-weight: 400;\">M\u00e9ga illusion <\/span><\/i><span style=\"font-weight: 400;\">&#8211; CE2D &#8211; Ecole fran\u00e7aise internationale de Djeddah<\/span><\/p>\n<p><iframe loading=\"lazy\" width=\"560\" height=\"315\" src=\"https:\/\/www.youtube.com\/embed\/CzHz38YUgqg?si=Wa08SZnWmods4jyI\" title=\"YouTube video player\" frameborder=\"0\" allow=\"accelerometer; autoplay; clipboard-write; encrypted-media; gyroscope; picture-in-picture; web-share\" referrerpolicy=\"strict-origin-when-cross-origin\" allowfullscreen><\/iframe>&nbsp;<\/p>\n<p>#16\u00a0<i><span style=\"font-weight: 400;\">La bo\u00eete myst\u00e9rieuse &#8211; <\/span><\/i><span style=\"font-weight: 400;\">CE2 1<\/span><i><span style=\"font-weight: 400;\"> &#8211; <\/span><\/i><span style=\"font-weight: 400;\">Lyc\u00e9e fran\u00e7ais international de Duba\u00ef<\/span><\/p>\n<p><iframe loading=\"lazy\" title=\"YouTube video player\" src=\"https:\/\/www.youtube.com\/embed\/MxLgNmSjF9k?si=eL26zp5fn_P2r0kk\" width=\"560\" height=\"315\" frameborder=\"0\" allowfullscreen=\"allowfullscreen\"><\/iframe><\/p>\n<p>#17\u00a0<i><span style=\"font-weight: 400;\">Dans mon jardin <\/span><\/i><span style=\"font-weight: 400;\">&#8211; CE2G &#8211; Lyc\u00e9e fran\u00e7ais international de Duba\u00ef <\/span><\/p>\n<p><iframe loading=\"lazy\" title=\"YouTube video player\" src=\"https:\/\/www.youtube.com\/embed\/GYw0xLIAssc?si=Jf3TT2i5MDKrA5oB\" width=\"560\" height=\"315\" frameborder=\"0\" allowfullscreen=\"allowfullscreen\"><\/iframe><\/p>\n<h2>CAT\u00c9GORIE CM1\/CM2<\/h2>\n<p>#18\u00a0<i><span style=\"font-weight: 400;\">Notre \u00e9cole, nos cabanes<\/span><\/i><span style=\"font-weight: 400;\"> &#8211; CM1A &#8211; Ecole fran\u00e7aise d\u2019Al Khobar<\/span><\/p>\n<p><iframe loading=\"lazy\" title=\"YouTube video player\" src=\"https:\/\/www.youtube.com\/embed\/vElLeSwqndE?si=3mO4OGqiYt-yuIzp\" width=\"560\" height=\"315\" frameborder=\"0\" allowfullscreen=\"allowfullscreen\"><\/iframe><\/p>\n<p><i><span style=\"font-weight: 400;\">#19 ALLER en voyage \u00e0 la recherche d\u2019une maison <\/span><\/i><span style=\"font-weight: 400;\">&#8211; CM1E &#8211; Lyc\u00e9e MLF Bazac Le Caire<\/span><\/p>\n<p><iframe loading=\"lazy\" title=\"YouTube video player\" src=\"https:\/\/www.youtube.com\/embed\/x78unO_FB8E?si=avPidOxsIcwdYaqz\" width=\"560\" height=\"315\" frameborder=\"0\" allowfullscreen=\"allowfullscreen\"><\/iframe><\/p>\n<p><i>#20 Nos petits bonheurs <\/i>&#8211; CM1C &#8211; \u00c9cole fran\u00e7aise internationale de Djeddah<\/p>\n<p><iframe loading=\"lazy\" title=\"YouTube video player\" src=\"https:\/\/www.youtube.com\/embed\/DDXb2VXm4As?si=eJfmXiWpu1dVnQ4J\" width=\"560\" height=\"315\" frameborder=\"0\" allowfullscreen=\"allowfullscreen\"><\/iframe><\/p>\n<p><i>#21 La cigale, la fourmi et l\u2019union inattendue &#8211; <\/i>CM1A<i> &#8211;\u00a0 <\/i>\u00c9cole fran\u00e7aise internationale de Djeddah<\/p>\n<p><iframe loading=\"lazy\" title=\"YouTube video player\" src=\"https:\/\/www.youtube.com\/embed\/DQLiGuOxYBw?si=b9fcvQdi5qCLieY1\" width=\"560\" height=\"315\" frameborder=\"0\" allowfullscreen=\"allowfullscreen\"><\/iframe><\/p>\n<p><i>#22 Rien ne sert de courir <\/i>&#8211; CM2 1 &#8211; Lyc\u00e9e fran\u00e7ais international de Duba\u00ef<\/p>\n<p><iframe loading=\"lazy\" title=\"YouTube video player\" src=\"https:\/\/www.youtube.com\/embed\/SsP6I9rlROM?si=MEF6Gx1LCSsnsglV\" width=\"560\" height=\"315\" frameborder=\"0\" allowfullscreen=\"allowfullscreen\"><\/iframe><\/p>\n<p><i><span style=\"font-weight: 400;\">#23\u00a0 Le petit prince en 2024 <\/span><\/i><span style=\"font-weight: 400;\">&#8211; CM2B &#8211; Lyc\u00e9e MLF Bazac Le Caire<\/span><\/p>\n<p><iframe loading=\"lazy\" title=\"YouTube video player\" src=\"https:\/\/www.youtube.com\/embed\/NFn4napJJgc?si=EbGueeUtA0CEU3A3\" width=\"560\" height=\"315\" frameborder=\"0\" allowfullscreen=\"allowfullscreen\"><\/iframe><\/p>\n<h2>CAT\u00c9GORIE COLL\u00c8GE<\/h2>\n<p><i style=\"font-size: 17px; font-weight: 400;\">#24 Journ\u00e9e de la culture et de la langue arabe <\/i><span style=\"font-weight: 400;\">&#8211; 5\u00e8me et 4\u00e8me &#8211; <\/span><span style=\"font-weight: 400;\">Lyc\u00e9e fran\u00e7ais MLF de Bahre\u00efn\u00a0<\/span><\/p>\n<p><iframe loading=\"lazy\" title=\"YouTube video player\" src=\"https:\/\/www.youtube.com\/embed\/NH8QlcnfpfA?si=l3KRVEbH_vn9cRlf\" width=\"560\" height=\"315\" frameborder=\"0\" allowfullscreen=\"allowfullscreen\"><\/iframe><\/p>\n<p><i style=\"font-size: 17px; font-weight: 400;\">#25 A la madrassa &#8211; 5\u00e8me &#8211; <\/i><span style=\"font-weight: 400;\">Lyc\u00e9e fran\u00e7ais international Victor Hugo de Djerba (Tunisie)<\/span><\/p>\n<p><iframe loading=\"lazy\" title=\"YouTube video player\" src=\"https:\/\/www.youtube.com\/embed\/NWDumzy7fEg?si=0hMRcxNNhnoVb-Yg\" width=\"560\" height=\"315\" frameborder=\"0\" allowfullscreen=\"allowfullscreen\"><\/iframe><\/p>\n<p><i style=\"font-size: 17px; font-weight: 400;\">#26 Le pouvoir des mots <\/i><span style=\"font-weight: 400;\">&#8211; 5\u00e8me option cin\u00e9ma &#8211; \u00c9cole fran\u00e7aise internationale de Djeddah<\/span><\/p>\n<p><iframe loading=\"lazy\" title=\"YouTube video player\" src=\"https:\/\/www.youtube.com\/embed\/1hFh1bcUvPw?si=CP0iBbFarZepJw8I\" width=\"560\" height=\"315\" frameborder=\"0\" allowfullscreen=\"allowfullscreen\"><\/iframe><\/p>\n<p><i><span style=\"font-weight: 400;\">#27 Au del\u00e0 des paniers <\/span><\/i><span style=\"font-weight: 400;\">&#8211; 3\u00e8me &#8211; Lyc\u00e9e fran\u00e7ais d\u2019Alexandrie en Egypte<\/span><\/p>\n<p><iframe loading=\"lazy\" title=\"YouTube video player\" src=\"https:\/\/www.youtube.com\/embed\/8WHBWsNeLO8?si=L78CFVbGMFP8lNTy\" width=\"560\" height=\"315\" frameborder=\"0\" allowfullscreen=\"allowfullscreen\"><\/iframe><\/p>\n<h2>CAT\u00c9GORIE LYC\u00c9E<\/h2>\n<p><i style=\"font-size: 17px; font-weight: 400;\">#28 Cin\u00e9ma Infierno<\/i><span style=\"font-weight: 400;\"> &#8211; 2nd &amp; 1\u00e8re option cin\u00e9ma &#8211;\u00a0 Lyc\u00e9e fran\u00e7ais Th\u00e9odore Monod d\u2019Abou Dabi<\/span><\/p>\n<p><iframe loading=\"lazy\" title=\"YouTube video player\" src=\"https:\/\/www.youtube.com\/embed\/yeKrdDrc2bk?si=w_VsH7hqWKGxTGy1\" width=\"560\" height=\"315\" frameborder=\"0\" allowfullscreen=\"allowfullscreen\"><\/iframe><\/p>\n<p>#29 Entre fiction et r\u00e9alit\u00e9 &#8211; 1\u00e8re HLP &#8211; Lyc\u00e9e fran\u00e7ais international de Duba\u00ef<\/p>\n<p><iframe loading=\"lazy\" title=\"YouTube video player\" src=\"https:\/\/www.youtube.com\/embed\/hQ9Tlv8X2KU?si=DsHLEUJOlAEUK2UA\" width=\"560\" height=\"315\" frameborder=\"0\" allowfullscreen=\"allowfullscreen\"><\/iframe><\/p>\n<p><i><span style=\"font-weight: 400;\">#30 French School Musical <\/span><\/i><span style=\"font-weight: 400;\">&#8211; Terminale &#8211; Lyc\u00e9e fran\u00e7ais MLF de Bahre\u00efn<\/span><\/p>\n<p><iframe loading=\"lazy\" title=\"YouTube video player\" src=\"https:\/\/www.youtube.com\/embed\/2RCtjRllhn0?si=X4SnQzEXvDasSPs1\" width=\"560\" height=\"315\" frameborder=\"0\" allowfullscreen=\"allowfullscreen\"><\/iframe><\/p>\n<p>&nbsp;<\/p>\n","protected":false},"excerpt":{"rendered":"<p>CAT\u00c9GORIE MATERNELLE #1 La main verte &#8211; PSC &#8211; Lyc\u00e9e fran\u00e7ais international de Duba\u00ef\u00a0 #2 Le voyage initiatique du poisson Arc-en-ciel -GSD &#8211; Lyc\u00e9e MLF Bazac Le Caire CAT\u00c9GORIE CP #3 Si j\u2019avais un vaisseau spatial &#8211;\u00a0CPB &#8211;\u00a0 Lyc\u00e9e fran\u00e7ais international de Duba\u00ef\u00a0 #4 Le clown et la pomme magique &#8211; CPE &#8211;\u00a0 Lyc\u00e9e Fran\u00e7ais &hellip; <a href=\"https:\/\/lespetitscineastesdugolfe.org\/?page_id=412\" class=\"more-link\">Continue reading <span class=\"screen-reader-text\">S\u00e9lection 2024 Films de classe<\/span><\/a><\/p>\n","protected":false},"author":1,"featured_media":0,"parent":0,"menu_order":0,"comment_status":"closed","ping_status":"closed","template":"","meta":{"footnotes":""},"class_list":["post-412","page","type-page","status-publish","hentry"],"_links":{"self":[{"href":"https:\/\/lespetitscineastesdugolfe.org\/index.php?rest_route=\/wp\/v2\/pages\/412","targetHints":{"allow":["GET"]}}],"collection":[{"href":"https:\/\/lespetitscineastesdugolfe.org\/index.php?rest_route=\/wp\/v2\/pages"}],"about":[{"href":"https:\/\/lespetitscineastesdugolfe.org\/index.php?rest_route=\/wp\/v2\/types\/page"}],"author":[{"embeddable":true,"href":"https:\/\/lespetitscineastesdugolfe.org\/index.php?rest_route=\/wp\/v2\/users\/1"}],"replies":[{"embeddable":true,"href":"https:\/\/lespetitscineastesdugolfe.org\/index.php?rest_route=%2Fwp%2Fv2%2Fcomments&post=412"}],"version-history":[{"count":22,"href":"https:\/\/lespetitscineastesdugolfe.org\/index.php?rest_route=\/wp\/v2\/pages\/412\/revisions"}],"predecessor-version":[{"id":439,"href":"https:\/\/lespetitscineastesdugolfe.org\/index.php?rest_route=\/wp\/v2\/pages\/412\/revisions\/439"}],"wp:attachment":[{"href":"https:\/\/lespetitscineastesdugolfe.org\/index.php?rest_route=%2Fwp%2Fv2%2Fmedia&parent=412"}],"curies":[{"name":"wp","href":"https:\/\/api.w.org\/{rel}","templated":true}]}}