{"id":313,"date":"2022-10-02T21:10:38","date_gmt":"2022-10-02T19:10:38","guid":{"rendered":"http:\/\/lespetitscineastesdugolfe.org\/?page_id=313"},"modified":"2022-10-02T21:22:45","modified_gmt":"2022-10-02T19:22:45","slug":"palmares-2022-9eme-edition","status":"publish","type":"page","link":"https:\/\/lespetitscineastesdugolfe.org\/?page_id=313","title":{"rendered":"Palmar\u00e8s 2022 : 9\u00e8me \u00e9dition"},"content":{"rendered":"<p><img loading=\"lazy\" decoding=\"async\" class=\"wp-image-266 aligncenter\" src=\"http:\/\/lespetitscineastesdugolfe.org\/wp-content\/uploads\/2021\/11\/affiche2022.png\" alt=\"\" width=\"307\" height=\"437\" srcset=\"https:\/\/lespetitscineastesdugolfe.org\/wp-content\/uploads\/2021\/11\/affiche2022.png 638w, https:\/\/lespetitscineastesdugolfe.org\/wp-content\/uploads\/2021\/11\/affiche2022-211x300.png 211w\" sizes=\"auto, (max-width: 307px) 100vw, 307px\" \/><\/p>\n<div><\/div>\n<div>Le jury \u00e9tait pr\u00e9sid\u00e9 cette ann\u00e9e par Eric Omond, auteur jeunesse et r\u00e9alisateur de films d&#8217;animation, laur\u00e9at du c\u00e9sar du meilleur film d&#8217;animation pour &#8220;Loulou, l&#8217;incroyable secret&#8221;.<\/div>\n<p>&nbsp;<\/p>\n<h2><strong>Cat\u00e9gorie 1 : maternelle<\/strong><\/h2>\n<p><iframe loading=\"lazy\" title=\"Ombres port\u00e9es pour une petite graine sem\u00e9e\" width=\"660\" height=\"371\" src=\"https:\/\/www.youtube.com\/embed\/uoAhJy-fAzc?feature=oembed\" frameborder=\"0\" allow=\"accelerometer; autoplay; clipboard-write; encrypted-media; gyroscope; picture-in-picture; web-share\" referrerpolicy=\"strict-origin-when-cross-origin\" allowfullscreen><\/iframe><\/p>\n<p><b>Ombres port\u00e9es pour une petite graine sem\u00e9e<\/b>\u00a0\/ MS E \/\u00a0 Lyc\u00e9e fran\u00e7ais international de Duba\u00ef \/ 1 mn 51<\/p>\n<h2><strong>Cat\u00e9gorie 2 : CP<\/strong><\/h2>\n<p><iframe loading=\"lazy\" title=\"Le fabuleux destin de Re\u0301ussita De\u0301termina\" width=\"660\" height=\"371\" src=\"https:\/\/www.youtube.com\/embed\/yDgV6mZ0HFk?feature=oembed\" frameborder=\"0\" allow=\"accelerometer; autoplay; clipboard-write; encrypted-media; gyroscope; picture-in-picture; web-share\" referrerpolicy=\"strict-origin-when-cross-origin\" allowfullscreen><\/iframe><\/p>\n<p><strong>Le fabuleux destin de Re\u0301ussita De\u0301termina<\/strong>\u00a0\/ CP H \/\u00a0 Lyc\u00e9e fran\u00e7ais international de Duba\u00ef \/ 5 mn 55<\/p>\n<h2><strong>Cat\u00e9gorie 2 : CE1\/CE2<\/strong><\/h2>\n<p><iframe loading=\"lazy\" title=\"Cour de re\u0301cre\u0301ation\" width=\"660\" height=\"371\" src=\"https:\/\/www.youtube.com\/embed\/aki-s8zXirA?feature=oembed\" frameborder=\"0\" allow=\"accelerometer; autoplay; clipboard-write; encrypted-media; gyroscope; picture-in-picture; web-share\" referrerpolicy=\"strict-origin-when-cross-origin\" allowfullscreen><\/iframe><\/p>\n<p><strong>Cour de re\u0301cre\u0301ation<\/strong>\u00a0\/ CE1 A \/\u00a0 Lyc\u00e9e fran\u00e7ais international de Khobar \/ 6 mn 10<\/p>\n<h2><strong>Cat\u00e9gorie 4 : CM1<\/strong><\/h2>\n<p><iframe loading=\"lazy\" title=\"Le temps retrouve\u0301\" width=\"660\" height=\"371\" src=\"https:\/\/www.youtube.com\/embed\/CcWu3eq7eec?feature=oembed\" frameborder=\"0\" allow=\"accelerometer; autoplay; clipboard-write; encrypted-media; gyroscope; picture-in-picture; web-share\" referrerpolicy=\"strict-origin-when-cross-origin\" allowfullscreen><\/iframe><\/p>\n<p><strong>Le temps retrouve\u0301<\/strong>\u00a0\/ CM1 A \/ Ecole fran\u00e7aise internationale de Djeddah \/ 5 mn 40<\/p>\n<h2><strong>Cat\u00e9gorie 5 : CM2<\/strong><\/h2>\n<p><iframe loading=\"lazy\" title=\"Dem&#039;Info\" width=\"660\" height=\"371\" src=\"https:\/\/www.youtube.com\/embed\/GQlWipEVPfc?feature=oembed\" frameborder=\"0\" allow=\"accelerometer; autoplay; clipboard-write; encrypted-media; gyroscope; picture-in-picture; web-share\" referrerpolicy=\"strict-origin-when-cross-origin\" allowfullscreen><\/iframe><\/p>\n<p><b>Dem\u2019Info\u00a0<\/b>\/ CM2 1 \/ Lyc\u00e9e fran\u00e7ais international de Duba\u00ef \/ 7 mn 55<\/p>\n<h2><strong>Cat\u00e9gorie 6 : Coll\u00e8ge \/ lyc\u00e9e<\/strong><\/h2>\n<p><iframe loading=\"lazy\" title=\"Un chat unique\" width=\"660\" height=\"371\" src=\"https:\/\/www.youtube.com\/embed\/sJsliO0n7T8?feature=oembed\" frameborder=\"0\" allow=\"accelerometer; autoplay; clipboard-write; encrypted-media; gyroscope; picture-in-picture; web-share\" referrerpolicy=\"strict-origin-when-cross-origin\" allowfullscreen><\/iframe><\/p>\n<p><b>Un chat unique\u00a0<\/b>\/ 5\u00e8me C \/ Ecole fran\u00e7aise internationale de Djeddah \/ 3 mn 16<\/p>\n<h2><strong>Cat\u00e9gorie : les films faits \u00e0 la maison<\/strong><\/h2>\n<p><iframe loading=\"lazy\" title=\"La nouvelle version de moi-m\u00eame\" width=\"660\" height=\"371\" src=\"https:\/\/www.youtube.com\/embed\/n_UfpSxmKb8?feature=oembed\" frameborder=\"0\" allow=\"accelerometer; autoplay; clipboard-write; encrypted-media; gyroscope; picture-in-picture; web-share\" referrerpolicy=\"strict-origin-when-cross-origin\" allowfullscreen><\/iframe><\/p>\n<p><b>La nouvelle version de moi-m\u00eame \/\u00a0<\/b>Sarra labidi \/ Lyc\u00e9e fran\u00e7ais international de Bahre\u00efn<\/p>\n<h2><strong>Prix sp\u00e9ciaux du jury<\/strong><\/h2>\n<p><iframe loading=\"lazy\" title=\"Dans notre future e\u0301cole\" width=\"660\" height=\"371\" src=\"https:\/\/www.youtube.com\/embed\/0BSq_5PaPkA?feature=oembed\" frameborder=\"0\" allow=\"accelerometer; autoplay; clipboard-write; encrypted-media; gyroscope; picture-in-picture; web-share\" referrerpolicy=\"strict-origin-when-cross-origin\" allowfullscreen><\/iframe><\/p>\n<p><strong>Dans notre future e\u0301cole<\/strong>\u00a0\/ CE1 B \/\u00a0 Lyc\u00e9e libanais francophone priv\u00e9 de Duba\u00ef \/ 4 mn 41<\/p>\n<p><iframe loading=\"lazy\" title=\"Visite Impre\u0301vue\" width=\"660\" height=\"371\" src=\"https:\/\/www.youtube.com\/embed\/64vAazYG5JA?feature=oembed\" frameborder=\"0\" allow=\"accelerometer; autoplay; clipboard-write; encrypted-media; gyroscope; picture-in-picture; web-share\" referrerpolicy=\"strict-origin-when-cross-origin\" allowfullscreen><\/iframe><\/p>\n<p><b>Visite Impre\u0301vue \/<\/b>Alanoud ALSAHLAWI \/ 2nde \/ \u00c9cole fran\u00e7aise internationale de Djeddah<\/p>\n<h2><strong>Prix du public : la main de l&#8217;homme<\/strong><\/h2>\n<p><iframe loading=\"lazy\" title=\"La main de l&#039;homme\" width=\"660\" height=\"495\" src=\"https:\/\/www.youtube.com\/embed\/x42m0tFM9IY?feature=oembed\" frameborder=\"0\" allow=\"accelerometer; autoplay; clipboard-write; encrypted-media; gyroscope; picture-in-picture; web-share\" referrerpolicy=\"strict-origin-when-cross-origin\" allowfullscreen><\/iframe><\/p>\n<p><b>La main de l\u2019homme\u00a0<\/b>\/ CM2 A \/ Lyc\u00e9e fran\u00e7ais international de Duba\u00ef \/ 6 mn 15<\/p>\n","protected":false},"excerpt":{"rendered":"<p>Le jury \u00e9tait pr\u00e9sid\u00e9 cette ann\u00e9e par Eric Omond, auteur jeunesse et r\u00e9alisateur de films d&#8217;animation, laur\u00e9at du c\u00e9sar du meilleur film d&#8217;animation pour &#8220;Loulou, l&#8217;incroyable secret&#8221;. &nbsp; Cat\u00e9gorie 1 : maternelle Ombres port\u00e9es pour une petite graine sem\u00e9e\u00a0\/ MS E \/\u00a0 Lyc\u00e9e fran\u00e7ais international de Duba\u00ef \/ 1 mn 51 Cat\u00e9gorie 2 : CP &hellip; <a href=\"https:\/\/lespetitscineastesdugolfe.org\/?page_id=313\" class=\"more-link\">Continue reading <span class=\"screen-reader-text\">Palmar\u00e8s 2022 : 9\u00e8me \u00e9dition<\/span><\/a><\/p>\n","protected":false},"author":1,"featured_media":0,"parent":0,"menu_order":0,"comment_status":"closed","ping_status":"closed","template":"","meta":{"footnotes":""},"class_list":["post-313","page","type-page","status-publish","hentry"],"_links":{"self":[{"href":"https:\/\/lespetitscineastesdugolfe.org\/index.php?rest_route=\/wp\/v2\/pages\/313","targetHints":{"allow":["GET"]}}],"collection":[{"href":"https:\/\/lespetitscineastesdugolfe.org\/index.php?rest_route=\/wp\/v2\/pages"}],"about":[{"href":"https:\/\/lespetitscineastesdugolfe.org\/index.php?rest_route=\/wp\/v2\/types\/page"}],"author":[{"embeddable":true,"href":"https:\/\/lespetitscineastesdugolfe.org\/index.php?rest_route=\/wp\/v2\/users\/1"}],"replies":[{"embeddable":true,"href":"https:\/\/lespetitscineastesdugolfe.org\/index.php?rest_route=%2Fwp%2Fv2%2Fcomments&post=313"}],"version-history":[{"count":2,"href":"https:\/\/lespetitscineastesdugolfe.org\/index.php?rest_route=\/wp\/v2\/pages\/313\/revisions"}],"predecessor-version":[{"id":315,"href":"https:\/\/lespetitscineastesdugolfe.org\/index.php?rest_route=\/wp\/v2\/pages\/313\/revisions\/315"}],"wp:attachment":[{"href":"https:\/\/lespetitscineastesdugolfe.org\/index.php?rest_route=%2Fwp%2Fv2%2Fmedia&parent=313"}],"curies":[{"name":"wp","href":"https:\/\/api.w.org\/{rel}","templated":true}]}}