{"id":236,"date":"2021-06-06T09:14:53","date_gmt":"2021-06-06T07:14:53","guid":{"rendered":"http:\/\/lespetitscineastesdugolfe.org\/?page_id=236"},"modified":"2021-06-08T20:49:34","modified_gmt":"2021-06-08T18:49:34","slug":"les-films-realises-en-classe-selectionnes-edition-2021","status":"publish","type":"page","link":"https:\/\/lespetitscineastesdugolfe.org\/?page_id=236","title":{"rendered":"Les films r\u00e9alis\u00e9s en classe s\u00e9lectionn\u00e9s (\u00e9dition 2021)"},"content":{"rendered":"<h2>CAT\u00c9GORIE MATERNELLE \/ CYCLE 2<\/h2>\n<p><strong>LA SEMAINE DES CANARDS<\/strong> \/ CP E \/ Lyc\u00e9e fran\u00e7ais international de Duba\u00ef \/ 1 mn 26<\/p>\n<p><iframe loading=\"lazy\" title=\"La semaine des canards\" width=\"660\" height=\"495\" src=\"https:\/\/www.youtube.com\/embed\/9Mk53nLKK1M?feature=oembed\" frameborder=\"0\" allow=\"accelerometer; autoplay; clipboard-write; encrypted-media; gyroscope; picture-in-picture; web-share\" referrerpolicy=\"strict-origin-when-cross-origin\" allowfullscreen><\/iframe><\/p>\n<p><strong>PARALL\u00c8LE ET ONDULATION<\/strong> \/ MSD \/ Lyc\u00e9e fran\u00e7ais international de Duba\u00ef \/ 5 mn 47<\/p>\n<p><iframe loading=\"lazy\" title=\"Parall\u00e8le et ondulation\" width=\"660\" height=\"371\" src=\"https:\/\/www.youtube.com\/embed\/_r3FAe8i0xY?feature=oembed\" frameborder=\"0\" allow=\"accelerometer; autoplay; clipboard-write; encrypted-media; gyroscope; picture-in-picture; web-share\" referrerpolicy=\"strict-origin-when-cross-origin\" allowfullscreen><\/iframe><\/p>\n<p><strong>PAROLES DE MASQUES<\/strong> \/ CE2 1 Inter \/ Lyc\u00e9e fran\u00e7ais international de Duba\u00ef \/ 5 mn 01<\/p>\n<p><iframe loading=\"lazy\" title=\"Paroles de masques\" width=\"660\" height=\"371\" src=\"https:\/\/www.youtube.com\/embed\/hvK8al0Oti0?feature=oembed\" frameborder=\"0\" allow=\"accelerometer; autoplay; clipboard-write; encrypted-media; gyroscope; picture-in-picture; web-share\" referrerpolicy=\"strict-origin-when-cross-origin\" allowfullscreen><\/iframe><\/p>\n<p><strong>MON PETIT BONHOMME DE PSA<\/strong> \/ PSA \/ Lyc\u00e9e fran\u00e7ais international MLF de Bahre\u00efn \/ 3 mn 05<\/p>\n<p><iframe loading=\"lazy\" title=\"Petit bonhomme\" width=\"660\" height=\"371\" src=\"https:\/\/www.youtube.com\/embed\/75QU-gclPpo?feature=oembed\" frameborder=\"0\" allow=\"accelerometer; autoplay; clipboard-write; encrypted-media; gyroscope; picture-in-picture; web-share\" referrerpolicy=\"strict-origin-when-cross-origin\" allowfullscreen><\/iframe><\/p>\n<h2>CAT\u00c9GORIE CYCLE 3<\/h2>\n<p><strong>EN CHANTANT<\/strong> \/ CM2A \/ Lyc\u00e9e fran\u00e7ais international MLF de Bahre\u00efn \/ 3 mn 05<\/p>\n<p><iframe loading=\"lazy\" title=\"En chantant\" width=\"660\" height=\"371\" src=\"https:\/\/www.youtube.com\/embed\/lXkV6DHCHqk?feature=oembed\" frameborder=\"0\" allow=\"accelerometer; autoplay; clipboard-write; encrypted-media; gyroscope; picture-in-picture; web-share\" referrerpolicy=\"strict-origin-when-cross-origin\" allowfullscreen><\/iframe><\/p>\n<p><strong>ENSEMBLE, LE CLIP<\/strong> \/ CM1 1 \/ Lyc\u00e9e fran\u00e7ais international de Duba\u00ef \/ 4 mn 16<\/p>\n<p><iframe loading=\"lazy\" title=\"Ensemble\" width=\"660\" height=\"371\" src=\"https:\/\/www.youtube.com\/embed\/_oQpfMNE5Io?feature=oembed\" frameborder=\"0\" allow=\"accelerometer; autoplay; clipboard-write; encrypted-media; gyroscope; picture-in-picture; web-share\" referrerpolicy=\"strict-origin-when-cross-origin\" allowfullscreen><\/iframe><\/p>\n<p><strong>ENSEMBLE AUTOUR DU MONDE<\/strong> \/ CM1 E \/ Lyc\u00e9e fran\u00e7ais international de Duba\u00ef \/ 6 mn<\/p>\n<p><iframe loading=\"lazy\" title=\"Ensemble autour du monde\" width=\"660\" height=\"371\" src=\"https:\/\/www.youtube.com\/embed\/TzzriGxi_yA?feature=oembed\" frameborder=\"0\" allow=\"accelerometer; autoplay; clipboard-write; encrypted-media; gyroscope; picture-in-picture; web-share\" referrerpolicy=\"strict-origin-when-cross-origin\" allowfullscreen><\/iframe><\/p>\n<p><strong>ENSEMBLE MARCHONS VERS L&#8217;\u00c9COLE<\/strong> \/ CM2F \/ Lyc\u00e9e fran\u00e7ais international de Duba\u00ef \/ 2 mn 48<\/p>\n<p><iframe loading=\"lazy\" title=\"Ensemble marchons vers l&#039;\u00e9cole\" width=\"660\" height=\"371\" src=\"https:\/\/www.youtube.com\/embed\/9YhQXgnMVNY?feature=oembed\" frameborder=\"0\" allow=\"accelerometer; autoplay; clipboard-write; encrypted-media; gyroscope; picture-in-picture; web-share\" referrerpolicy=\"strict-origin-when-cross-origin\" allowfullscreen><\/iframe><\/p>\n<p><strong>NOM DE CODE COVID-19<\/strong> \/ CM1B \/ Lyc\u00e9e fran\u00e7ais international MLF de Bahre\u00efn \/ 2 mn 52<\/p>\n<p><iframe loading=\"lazy\" title=\"Nom de code COVID19\" width=\"660\" height=\"371\" src=\"https:\/\/www.youtube.com\/embed\/1jc_OfXjt84?feature=oembed\" frameborder=\"0\" allow=\"accelerometer; autoplay; clipboard-write; encrypted-media; gyroscope; picture-in-picture; web-share\" referrerpolicy=\"strict-origin-when-cross-origin\" allowfullscreen><\/iframe><\/p>\n<p><strong>OP\u00c9RATION \u00c9COLE<\/strong> \/ CM2A \/ \u00c9cole fran\u00e7aise internationale de Djeddah \/ 4 mn 06<\/p>\n<p><iframe loading=\"lazy\" title=\"Op\u00e9ration \u00e9cole\" width=\"660\" height=\"371\" src=\"https:\/\/www.youtube.com\/embed\/BFwsewWgsH4?feature=oembed\" frameborder=\"0\" allow=\"accelerometer; autoplay; clipboard-write; encrypted-media; gyroscope; picture-in-picture; web-share\" referrerpolicy=\"strict-origin-when-cross-origin\" allowfullscreen><\/iframe><\/p>\n<p><strong>TERRIBLE COVID<\/strong> \/ CM1-2 \/ Lyc\u00e9e fran\u00e7ais internationale de Duba\u00ef \/ 6 mn<\/p>\n<p><iframe loading=\"lazy\" title=\"Terrible Covid\" width=\"660\" height=\"371\" src=\"https:\/\/www.youtube.com\/embed\/0GO2C5BrvMg?feature=oembed\" frameborder=\"0\" allow=\"accelerometer; autoplay; clipboard-write; encrypted-media; gyroscope; picture-in-picture; web-share\" referrerpolicy=\"strict-origin-when-cross-origin\" allowfullscreen><\/iframe><\/p>\n<h2>CAT\u00c9GORIE COLL\u00c8GE ET LYC\u00c9E<\/h2>\n<p><strong>AIRPLANE MESSAGES<\/strong> \/ 2nd B \/ \u00c9cole fran\u00e7aise internationale de Djeddah \/ 3 mn 20<\/p>\n<p><iframe loading=\"lazy\" title=\"Airplane Messages\" width=\"660\" height=\"371\" src=\"https:\/\/www.youtube.com\/embed\/efn_2HrI21g?feature=oembed\" frameborder=\"0\" allow=\"accelerometer; autoplay; clipboard-write; encrypted-media; gyroscope; picture-in-picture; web-share\" referrerpolicy=\"strict-origin-when-cross-origin\" allowfullscreen><\/iframe><\/p>\n<p><strong>BATTLE<\/strong> \/ 4\u00e8me C \/ \u00c9cole fran\u00e7aise internationale de Djeddah \/ 5 mn 56<\/p>\n<p><iframe loading=\"lazy\" title=\"Battle\" width=\"660\" height=\"371\" src=\"https:\/\/www.youtube.com\/embed\/oc8wBz1zIjk?feature=oembed\" frameborder=\"0\" allow=\"accelerometer; autoplay; clipboard-write; encrypted-media; gyroscope; picture-in-picture; web-share\" referrerpolicy=\"strict-origin-when-cross-origin\" allowfullscreen><\/iframe><\/p>\n<p><strong>MARCHER CR\u00c9ER<\/strong> \/ 3\u00e8me C \/ Lyc\u00e9e fran\u00e7ais international de Duba\u00ef \/ 1 mn 41<\/p>\n<p><iframe loading=\"lazy\" title=\"Marcher Cr\u00e9er\" width=\"660\" height=\"495\" src=\"https:\/\/www.youtube.com\/embed\/7LOBrkQaDYE?feature=oembed\" frameborder=\"0\" allow=\"accelerometer; autoplay; clipboard-write; encrypted-media; gyroscope; picture-in-picture; web-share\" referrerpolicy=\"strict-origin-when-cross-origin\" allowfullscreen><\/iframe><\/p>\n<p><strong>ENTOURLOUPE<\/strong> \/ 4\u00e8me B \/ \u00c9cole fran\u00e7aise internationale de Djeddah \/ 3 mn 44<\/p>\n<p><iframe loading=\"lazy\" title=\"Entourloupe\" width=\"660\" height=\"371\" src=\"https:\/\/www.youtube.com\/embed\/sKrWXvry_OY?feature=oembed\" frameborder=\"0\" allow=\"accelerometer; autoplay; clipboard-write; encrypted-media; gyroscope; picture-in-picture; web-share\" referrerpolicy=\"strict-origin-when-cross-origin\" allowfullscreen><\/iframe><\/p>\n<p><strong>L&#8217;AMITI\u00c9<\/strong> \/ 4\u00e8me A \/ \u00c9cole fran\u00e7aise internationale de Djeddah \/ 5 mn 33<\/p>\n<p><iframe loading=\"lazy\" title=\"L&#039;amitie\" width=\"660\" height=\"371\" src=\"https:\/\/www.youtube.com\/embed\/O_gkG3GvOvw?feature=oembed\" frameborder=\"0\" allow=\"accelerometer; autoplay; clipboard-write; encrypted-media; gyroscope; picture-in-picture; web-share\" referrerpolicy=\"strict-origin-when-cross-origin\" allowfullscreen><\/iframe><\/p>\n<p><strong>LES PROFS SUR ZOOM<\/strong> \/ 5\u00e8me B \/ \u00c9cole fran\u00e7aise internationale de Djeddah \/ 6 mn<\/p>\n<p><iframe loading=\"lazy\" title=\"Les Profs sur ZOOM\" width=\"660\" height=\"371\" src=\"https:\/\/www.youtube.com\/embed\/qTC1CwPLQbk?feature=oembed\" frameborder=\"0\" allow=\"accelerometer; autoplay; clipboard-write; encrypted-media; gyroscope; picture-in-picture; web-share\" referrerpolicy=\"strict-origin-when-cross-origin\" allowfullscreen><\/iframe><\/p>\n<p><strong>R\u00c9ALIT\u00c9 AUGMENT\u00c9E AU COLL\u00c8GE<\/strong> \/ 4\u00e8me D \/ Lyc\u00e9e fran\u00e7ais international de Duba\u00ef \/ 1 mn 41<\/p>\n<p><iframe loading=\"lazy\" title=\"R\u00e9alit\u00e9s Augment\u00e9es au coll\u00e8ge\" width=\"660\" height=\"371\" src=\"https:\/\/www.youtube.com\/embed\/okvvIkUuoqQ?feature=oembed\" frameborder=\"0\" allow=\"accelerometer; autoplay; clipboard-write; encrypted-media; gyroscope; picture-in-picture; web-share\" referrerpolicy=\"strict-origin-when-cross-origin\" allowfullscreen><\/iframe><\/p>\n","protected":false},"excerpt":{"rendered":"<p>CAT\u00c9GORIE MATERNELLE \/ CYCLE 2 LA SEMAINE DES CANARDS \/ CP E \/ Lyc\u00e9e fran\u00e7ais international de Duba\u00ef \/ 1 mn 26 PARALL\u00c8LE ET ONDULATION \/ MSD \/ Lyc\u00e9e fran\u00e7ais international de Duba\u00ef \/ 5 mn 47 PAROLES DE MASQUES \/ CE2 1 Inter \/ Lyc\u00e9e fran\u00e7ais international de Duba\u00ef \/ 5 mn 01 MON &hellip; <a href=\"https:\/\/lespetitscineastesdugolfe.org\/?page_id=236\" class=\"more-link\">Continue reading <span class=\"screen-reader-text\">Les films r\u00e9alis\u00e9s en classe s\u00e9lectionn\u00e9s (\u00e9dition 2021)<\/span><\/a><\/p>\n","protected":false},"author":1,"featured_media":0,"parent":0,"menu_order":0,"comment_status":"closed","ping_status":"closed","template":"","meta":{"footnotes":""},"class_list":["post-236","page","type-page","status-publish","hentry"],"_links":{"self":[{"href":"https:\/\/lespetitscineastesdugolfe.org\/index.php?rest_route=\/wp\/v2\/pages\/236","targetHints":{"allow":["GET"]}}],"collection":[{"href":"https:\/\/lespetitscineastesdugolfe.org\/index.php?rest_route=\/wp\/v2\/pages"}],"about":[{"href":"https:\/\/lespetitscineastesdugolfe.org\/index.php?rest_route=\/wp\/v2\/types\/page"}],"author":[{"embeddable":true,"href":"https:\/\/lespetitscineastesdugolfe.org\/index.php?rest_route=\/wp\/v2\/users\/1"}],"replies":[{"embeddable":true,"href":"https:\/\/lespetitscineastesdugolfe.org\/index.php?rest_route=%2Fwp%2Fv2%2Fcomments&post=236"}],"version-history":[{"count":4,"href":"https:\/\/lespetitscineastesdugolfe.org\/index.php?rest_route=\/wp\/v2\/pages\/236\/revisions"}],"predecessor-version":[{"id":259,"href":"https:\/\/lespetitscineastesdugolfe.org\/index.php?rest_route=\/wp\/v2\/pages\/236\/revisions\/259"}],"wp:attachment":[{"href":"https:\/\/lespetitscineastesdugolfe.org\/index.php?rest_route=%2Fwp%2Fv2%2Fmedia&parent=236"}],"curies":[{"name":"wp","href":"https:\/\/api.w.org\/{rel}","templated":true}]}}