{"id":233,"date":"2021-06-06T08:49:52","date_gmt":"2021-06-06T06:49:52","guid":{"rendered":"http:\/\/lespetitscineastesdugolfe.org\/?page_id=233"},"modified":"2021-06-07T20:05:21","modified_gmt":"2021-06-07T18:05:21","slug":"les-films-faits-a-la-maison-selectionnes-edition-2021","status":"publish","type":"page","link":"https:\/\/lespetitscineastesdugolfe.org\/?page_id=233","title":{"rendered":"Les films faits \u00e0 la maison s\u00e9lectionn\u00e9s (\u00e9dition 2021)"},"content":{"rendered":"<p><strong>CAUCHEMAR<\/strong> \/ Jade Salman (CM2) \/ Djeddah \/ 2 mn 10<\/p>\n<p><iframe loading=\"lazy\" title=\"Cauchemar\" width=\"660\" height=\"371\" src=\"https:\/\/www.youtube.com\/embed\/rhPbHgbBTns?feature=oembed\" frameborder=\"0\" allow=\"accelerometer; autoplay; clipboard-write; encrypted-media; gyroscope; picture-in-picture; web-share\" referrerpolicy=\"strict-origin-when-cross-origin\" allowfullscreen><\/iframe><\/p>\n<p><strong>CORONA ET LA TECHNOLOGIE SONT-ILS AMIS ?<\/strong> \/ Sarra Labidi (4\u00e8me) \/ Bahre\u00efn \/ 6 mn<\/p>\n<p><iframe loading=\"lazy\" title=\"Corona et Technologie sont ils amis\" width=\"660\" height=\"371\" src=\"https:\/\/www.youtube.com\/embed\/yASSxvI-ozM?feature=oembed\" frameborder=\"0\" allow=\"accelerometer; autoplay; clipboard-write; encrypted-media; gyroscope; picture-in-picture; web-share\" referrerpolicy=\"strict-origin-when-cross-origin\" allowfullscreen><\/iframe><\/p>\n<p><strong>ERIS ET YAMINA : ON ARRIVE COMME DAB<\/strong> Eris-Sophie Mathieu (CM2) \/ Djeddah \/ 3 mn 18<\/p>\n<p><iframe loading=\"lazy\" title=\"Eris et Yamina : on arrive comme dab\" width=\"660\" height=\"371\" src=\"https:\/\/www.youtube.com\/embed\/e_GML7Hy-rs?feature=oembed\" frameborder=\"0\" allow=\"accelerometer; autoplay; clipboard-write; encrypted-media; gyroscope; picture-in-picture; web-share\" referrerpolicy=\"strict-origin-when-cross-origin\" allowfullscreen><\/iframe><\/p>\n<p><strong>LE FUTUR<\/strong> \/ Ther\u00e9sia Salam\u00e9 (5\u00e8me) \/ Djeddah \/ 1 mn<\/p>\n<p><iframe loading=\"lazy\" title=\"Le futur\" width=\"660\" height=\"371\" src=\"https:\/\/www.youtube.com\/embed\/13I3eQ_mzZs?feature=oembed\" frameborder=\"0\" allow=\"accelerometer; autoplay; clipboard-write; encrypted-media; gyroscope; picture-in-picture; web-share\" referrerpolicy=\"strict-origin-when-cross-origin\" allowfullscreen><\/iframe><\/p>\n<p><strong>THE MOUNTAIN<\/strong> \/ Fatima Mian Qaisar (CM2) \/ Djeddah \/ 1 mn<\/p>\n<p><iframe loading=\"lazy\" title=\"The mountain\" width=\"660\" height=\"371\" src=\"https:\/\/www.youtube.com\/embed\/x_A5rrIgYNs?feature=oembed\" frameborder=\"0\" allow=\"accelerometer; autoplay; clipboard-write; encrypted-media; gyroscope; picture-in-picture; web-share\" referrerpolicy=\"strict-origin-when-cross-origin\" allowfullscreen><\/iframe><\/p>\n<p><strong>TRICHA<\/strong> \/ Racile Nasser, Maya Ganneau et Ismail Tadlaoui (CM1) \/ Djeddah \/ 5 mn 55<\/p>\n<p><iframe loading=\"lazy\" title=\"Tricha\" width=\"660\" height=\"371\" src=\"https:\/\/www.youtube.com\/embed\/XIWfAxuRMYM?feature=oembed\" frameborder=\"0\" allow=\"accelerometer; autoplay; clipboard-write; encrypted-media; gyroscope; picture-in-picture; web-share\" referrerpolicy=\"strict-origin-when-cross-origin\" allowfullscreen><\/iframe><\/p>\n<h2>HORS COMP\u00c9TITION<\/h2>\n<p><em>Enfants non scolaris\u00e9s dans les \u00e9coles du r\u00e9seau MLF-AFLEC de la r\u00e9gion Golfe<\/em><\/p>\n<p><strong>D&#8217;UN GOLFE \u00c0 L&#8217;AUTRE<\/strong> \/ Coline Prud&#8217;homme (4\u00e8me) \/ Bagn\u00e8res de Bigorre (France) \/ 3 mn 07<\/p>\n<p><iframe loading=\"lazy\" title=\"D&#039;un golfe \u00e0 l autre\" width=\"660\" height=\"371\" src=\"https:\/\/www.youtube.com\/embed\/xV4hQogkOQ0?feature=oembed\" frameborder=\"0\" allow=\"accelerometer; autoplay; clipboard-write; encrypted-media; gyroscope; picture-in-picture; web-share\" referrerpolicy=\"strict-origin-when-cross-origin\" allowfullscreen><\/iframe><\/p>\n","protected":false},"excerpt":{"rendered":"<p>CAUCHEMAR \/ Jade Salman (CM2) \/ Djeddah \/ 2 mn 10 CORONA ET LA TECHNOLOGIE SONT-ILS AMIS ? \/ Sarra Labidi (4\u00e8me) \/ Bahre\u00efn \/ 6 mn ERIS ET YAMINA : ON ARRIVE COMME DAB Eris-Sophie Mathieu (CM2) \/ Djeddah \/ 3 mn 18 LE FUTUR \/ Ther\u00e9sia Salam\u00e9 (5\u00e8me) \/ Djeddah \/ 1 mn &hellip; <a href=\"https:\/\/lespetitscineastesdugolfe.org\/?page_id=233\" class=\"more-link\">Continue reading <span class=\"screen-reader-text\">Les films faits \u00e0 la maison s\u00e9lectionn\u00e9s (\u00e9dition 2021)<\/span><\/a><\/p>\n","protected":false},"author":1,"featured_media":0,"parent":0,"menu_order":0,"comment_status":"closed","ping_status":"closed","template":"","meta":{"footnotes":""},"class_list":["post-233","page","type-page","status-publish","hentry"],"_links":{"self":[{"href":"https:\/\/lespetitscineastesdugolfe.org\/index.php?rest_route=\/wp\/v2\/pages\/233","targetHints":{"allow":["GET"]}}],"collection":[{"href":"https:\/\/lespetitscineastesdugolfe.org\/index.php?rest_route=\/wp\/v2\/pages"}],"about":[{"href":"https:\/\/lespetitscineastesdugolfe.org\/index.php?rest_route=\/wp\/v2\/types\/page"}],"author":[{"embeddable":true,"href":"https:\/\/lespetitscineastesdugolfe.org\/index.php?rest_route=\/wp\/v2\/users\/1"}],"replies":[{"embeddable":true,"href":"https:\/\/lespetitscineastesdugolfe.org\/index.php?rest_route=%2Fwp%2Fv2%2Fcomments&post=233"}],"version-history":[{"count":4,"href":"https:\/\/lespetitscineastesdugolfe.org\/index.php?rest_route=\/wp\/v2\/pages\/233\/revisions"}],"predecessor-version":[{"id":251,"href":"https:\/\/lespetitscineastesdugolfe.org\/index.php?rest_route=\/wp\/v2\/pages\/233\/revisions\/251"}],"wp:attachment":[{"href":"https:\/\/lespetitscineastesdugolfe.org\/index.php?rest_route=%2Fwp%2Fv2%2Fmedia&parent=233"}],"curies":[{"name":"wp","href":"https:\/\/api.w.org\/{rel}","templated":true}]}}