{"id":213,"date":"2021-03-02T12:42:43","date_gmt":"2021-03-02T11:42:43","guid":{"rendered":"http:\/\/lespetitscineastesdugolfe.org\/?page_id=213"},"modified":"2021-03-02T12:58:40","modified_gmt":"2021-03-02T11:58:40","slug":"palmares-2020-7eme-edition","status":"publish","type":"page","link":"https:\/\/lespetitscineastesdugolfe.org\/?page_id=213","title":{"rendered":"Palmar\u00e8s 2020 7\u00e8me \u00e9dition"},"content":{"rendered":"<h1>Films de classe<\/h1>\n<h5>Cat\u00e9gorie 1 : Maternelle<\/h5>\n<p>Le loup qui voulait faire la f\u00eate &#8211; GSA &#8211; \u00c9cole fran\u00e7aise MLF de Djeddah<\/p>\n<p><iframe loading=\"lazy\" src=\"https:\/\/www.youtube.com\/embed\/4EjUWD_h02I\" width=\"560\" height=\"315\" frameborder=\"0\" allowfullscreen=\"allowfullscreen\"><\/iframe><\/p>\n<h5>Cat\u00e9gorie 2 : Cycle 2<\/h5>\n<p>7 souris dans le noir &#8211; CPA &#8211; LFI AFLEC Duba\u00ef<\/p>\n<p><iframe loading=\"lazy\" src=\"https:\/\/www.youtube.com\/embed\/YLw51nhGc04\" width=\"560\" height=\"315\" frameborder=\"0\" allowfullscreen=\"allowfullscreen\"><\/iframe><\/p>\n<h5>Cat\u00e9gorie 3 : Cycle 3<\/h5>\n<p>H\u00e9ortologie &#8211; CM2A &#8211; \u00c9cole fran\u00e7aise MLF Djeddah<\/p>\n<p><iframe loading=\"lazy\" src=\"https:\/\/www.youtube.com\/embed\/-SAzGHbzz2A\" width=\"560\" height=\"315\" frameborder=\"0\" allowfullscreen=\"allowfullscreen\"><\/iframe><\/p>\n<h5>Cat\u00e9gorie 4 : secondaire<\/h5>\n<p>Selfiasco &#8211; 5\u00e8me A &#8211; \u00c9cole fran\u00e7aise MLF Djeddah<\/p>\n<p><iframe loading=\"lazy\" src=\"https:\/\/www.youtube.com\/embed\/1Om72XJc2Ys\" width=\"560\" height=\"315\" frameborder=\"0\" allowfullscreen=\"allowfullscreen\"><\/iframe><\/p>\n<h5>Prix sp\u00e9cial du jury<\/h5>\n<p>Arabe Last &#8211; Terminale &#8211; Lyc\u00e9e fran\u00e7ais MLF Bahre\u00efn<\/p>\n<p><iframe loading=\"lazy\" src=\"https:\/\/www.youtube.com\/embed\/9BOSioSrxcs\" width=\"560\" height=\"315\" frameborder=\"0\" allowfullscreen=\"allowfullscreen\"><\/iframe><\/p>\n<h5>Prix du public<\/h5>\n<p>H\u00e9ortologie &#8211; CM2A &#8211; \u00c9cole fran\u00e7aise MLF Djeddah<\/p>\n<p><iframe loading=\"lazy\" src=\"https:\/\/www.youtube.com\/embed\/-SAzGHbzz2A\" width=\"560\" height=\"315\" frameborder=\"0\" allowfullscreen=\"allowfullscreen\"><\/iframe><\/p>\n<h1>Films individuels<\/h1>\n<h5>Cat\u00e9gorie primaire<\/h5>\n<p>Virus Minus &#8211; Tha\u00efs (Bahre\u00efn)<\/p>\n<p><iframe loading=\"lazy\" src=\"https:\/\/www.youtube.com\/embed\/13w_T1ZFQP0\" width=\"560\" height=\"315\" frameborder=\"0\" allowfullscreen=\"allowfullscreen\"><\/iframe><\/p>\n<p>Karl a la puissance &#8211; Karl et Mya (Bahre\u00efn)<\/p>\n<p><iframe loading=\"lazy\" src=\"https:\/\/www.youtube.com\/embed\/0if6DBs_T2g\" width=\"560\" height=\"315\" frameborder=\"0\" allowfullscreen=\"allowfullscreen\"><\/iframe><\/p>\n<h5>Cat\u00e9gorie secondaire<\/h5>\n<p>Attaque p\u00e2te \u00e0 modeler &#8211; Olivia et My-Lan (Bahre\u00efn)<\/p>\n<p><iframe loading=\"lazy\" src=\"https:\/\/www.youtube.com\/embed\/wcl_G4Q9SuU\" width=\"560\" height=\"315\" frameborder=\"0\" allowfullscreen=\"allowfullscreen\"><\/iframe><\/p>\n<h5>Prix sp\u00e9cial du jury<\/h5>\n<p>Le confinement, pas mal &#8211; Sarra (Bahre\u00efn)<\/p>\n<p><iframe loading=\"lazy\" src=\"https:\/\/www.youtube.com\/embed\/AB6PBKV8l8k\" width=\"560\" height=\"315\" frameborder=\"0\" allowfullscreen=\"allowfullscreen\"><\/iframe><\/p>\n<h5>Prix du public<\/h5>\n<p>Karl a la puissance &#8211; Karl et Mya (Bahre\u00efn)<\/p>\n<p><iframe loading=\"lazy\" src=\"https:\/\/www.youtube.com\/embed\/0if6DBs_T2g\" width=\"560\" height=\"315\" frameborder=\"0\" allowfullscreen=\"allowfullscreen\"><\/iframe><\/p>\n","protected":false},"excerpt":{"rendered":"<p>Films de classe Cat\u00e9gorie 1 : Maternelle Le loup qui voulait faire la f\u00eate &#8211; GSA &#8211; \u00c9cole fran\u00e7aise MLF de Djeddah Cat\u00e9gorie 2 : Cycle 2 7 souris dans le noir &#8211; CPA &#8211; LFI AFLEC Duba\u00ef Cat\u00e9gorie 3 : Cycle 3 H\u00e9ortologie &#8211; CM2A &#8211; \u00c9cole fran\u00e7aise MLF Djeddah Cat\u00e9gorie 4 : secondaire &hellip; <a href=\"https:\/\/lespetitscineastesdugolfe.org\/?page_id=213\" class=\"more-link\">Continue reading <span class=\"screen-reader-text\">Palmar\u00e8s 2020 7\u00e8me \u00e9dition<\/span><\/a><\/p>\n","protected":false},"author":1,"featured_media":0,"parent":0,"menu_order":0,"comment_status":"closed","ping_status":"closed","template":"","meta":{"footnotes":""},"class_list":["post-213","page","type-page","status-publish","hentry"],"_links":{"self":[{"href":"https:\/\/lespetitscineastesdugolfe.org\/index.php?rest_route=\/wp\/v2\/pages\/213","targetHints":{"allow":["GET"]}}],"collection":[{"href":"https:\/\/lespetitscineastesdugolfe.org\/index.php?rest_route=\/wp\/v2\/pages"}],"about":[{"href":"https:\/\/lespetitscineastesdugolfe.org\/index.php?rest_route=\/wp\/v2\/types\/page"}],"author":[{"embeddable":true,"href":"https:\/\/lespetitscineastesdugolfe.org\/index.php?rest_route=\/wp\/v2\/users\/1"}],"replies":[{"embeddable":true,"href":"https:\/\/lespetitscineastesdugolfe.org\/index.php?rest_route=%2Fwp%2Fv2%2Fcomments&post=213"}],"version-history":[{"count":3,"href":"https:\/\/lespetitscineastesdugolfe.org\/index.php?rest_route=\/wp\/v2\/pages\/213\/revisions"}],"predecessor-version":[{"id":216,"href":"https:\/\/lespetitscineastesdugolfe.org\/index.php?rest_route=\/wp\/v2\/pages\/213\/revisions\/216"}],"wp:attachment":[{"href":"https:\/\/lespetitscineastesdugolfe.org\/index.php?rest_route=%2Fwp%2Fv2%2Fmedia&parent=213"}],"curies":[{"name":"wp","href":"https:\/\/api.w.org\/{rel}","templated":true}]}}