{"id":2,"date":"2018-04-08T13:40:20","date_gmt":"2018-04-08T11:40:20","guid":{"rendered":"http:\/\/lespetitscineastesdugolfe.org\/?page_id=2"},"modified":"2025-05-26T11:35:38","modified_gmt":"2025-05-26T09:35:38","slug":"page-d-exemple","status":"publish","type":"page","link":"https:\/\/lespetitscineastesdugolfe.org\/","title":{"rendered":"Palmar\u00e8s de la 12\u00e8me \u00e9dition"},"content":{"rendered":"<div><img loading=\"lazy\" decoding=\"async\" class=\"wp-image-488 aligncenter\" src=\"http:\/\/lespetitscineastesdugolfe.org\/wp-content\/uploads\/2025\/04\/Capture-d\u2019e\u0301cran-2025-04-23-a\u0300-10.16.05.png\" alt=\"\" width=\"356\" height=\"500\" srcset=\"https:\/\/lespetitscineastesdugolfe.org\/wp-content\/uploads\/2025\/04\/Capture-d\u2019e\u0301cran-2025-04-23-a\u0300-10.16.05.png 728w, https:\/\/lespetitscineastesdugolfe.org\/wp-content\/uploads\/2025\/04\/Capture-d\u2019e\u0301cran-2025-04-23-a\u0300-10.16.05-214x300.png 214w\" sizes=\"auto, (max-width: 356px) 100vw, 356px\" \/><\/div>\n<div><\/div>\n<div>\n<p class=\"p1\"><span class=\"s1\">\ud83c\udfa5 <\/span><b>Films de Classe<\/b><b><\/b><\/p>\n<ul>\n<li>\n<p class=\"p1\"><span class=\"s1\">\ud83c\udfac <\/span><b>Films de Classe<\/b><b><\/b><\/p>\n<p class=\"p1\"><span class=\"s1\">\ud83d\udc76 <\/span><b>Cat\u00e9gorie Maternelle<\/b><b><\/b><\/p>\n<p class=\"p2\">\u201cLes aventuriers de la MSA, ab\u00e9c\u00e9daire visuel\u201d<\/p>\n<p class=\"p2\"><i>MSA \u2013 \u00c9cole fran\u00e7aise internationale de Djeddah<\/i><i><\/i><\/p>\n<p class=\"p1\"><span class=\"s1\">\ud83d\udc66\ud83d\udcda <\/span><b>Cat\u00e9gorie CP\/CE1<\/b><b><\/b><\/p>\n<p class=\"p2\">\u201cRessentir le monde\u201d<\/p>\n<p class=\"p2\"><i>CE1C \u2013 Lyc\u00e9e Fran\u00e7ais International Th\u00e9odore Monod, Abu Dhabi<\/i><i><\/i><\/p>\n<p class=\"p1\"><span class=\"s1\">\ud83d\udcd6\u2728 <\/span><b>Cat\u00e9gorie CE2<\/b><b><\/b><\/p>\n<p class=\"p2\">\u201cLire c\u2019est r\u00eaver\u201d<\/p>\n<p class=\"p2\"><i>CE2 D \u2013 Lyc\u00e9e Fran\u00e7ais International Th\u00e9odore Monod, Abu Dhabi<\/i><i><\/i><\/p>\n<p class=\"p1\"><span class=\"s1\">\ud83c\udf0a\ud83d\udc1a <\/span><b>Cat\u00e9gorie CM1\/CM2<\/b><b><\/b><\/p>\n<p class=\"p2\">\u201cLe voyage de Corail\u201d<\/p>\n<p class=\"p2\"><i>CM1 \u2013 \u00c9cole bilingue de Berkeley, Californie (USA)<\/i><i><\/i><\/p>\n<p class=\"p1\"><span class=\"s1\">\ud83d\udd0e\ud83c\udfa5 <\/span><b>Cat\u00e9gorie Coll\u00e8ge<\/b><b><\/b><\/p>\n<p class=\"p2\">\u201cMyst\u00e8re \u00e0 l\u2019EFID\u201d<\/p>\n<p class=\"p2\"><i>6e A \u2013 \u00c9cole fran\u00e7aise internationale de Djeddah<\/i><i><\/i><\/p>\n<p class=\"p1\"><span class=\"s1\">\ud83c\udfa5\ud83c\udf1f <\/span><b>Cat\u00e9gorie Lyc\u00e9e<\/b><b><\/b><\/p>\n<p class=\"p2\">\u201cDune 3 the Trinity\u201d<\/p>\n<p class=\"p2\"><i>Option Cin\u00e9ma \u2013 Lyc\u00e9e Fran\u00e7ais International Th\u00e9odore Monod, Abu Dhabi<\/i><i><\/i><\/p>\n<hr \/>\n<p class=\"p1\"><span class=\"s1\">\ud83c\udfe0 <\/span><b>Films \u201cfaits \u00e0 la maison\u201d<\/b><b><\/b><\/p>\n<p class=\"p1\"><span class=\"s1\">\ud83c\udfa8 <\/span><b>Primaire<\/b><b><\/b><\/p>\n<p class=\"p2\">\u201cLa Chine \u00e7a brille\u201d<\/p>\n<p class=\"p2\"><i>Jiyan Sergent \u2013 EFI Djeddah<\/i><i><\/i><\/p>\n<p class=\"p1\"><span class=\"s1\">\ud83c\udfad <\/span><b>Secondaire<\/b><b><\/b><\/p>\n<p class=\"p2\">\u201cLa mal\u00e9diction moderne d\u2019Harry Foller\u201d<\/p>\n<p class=\"p2\"><i>Yassine Chenini \u2013 EFI Djeddah<\/i><i><\/i><\/p>\n<hr \/>\n<p class=\"p1\"><span class=\"s1\">\ud83c\udf96\ufe0f <\/span><b>Prix sp\u00e9ciaux du jury<\/b><b><\/b><\/p>\n<ul>\n<li>\n<p class=\"p1\">\u201cPierre et le loup\u201d \u2013 PSB, Lyc\u00e9e Fran\u00e7ais d\u2019Alexandrie<\/p>\n<\/li>\n<li>\n<p class=\"p1\">\u201c\u00c9crire \u00e0 tout prix\u201d \u2013 CM2-1, Lyc\u00e9e Fran\u00e7ais International de Duba\u00ef<\/p>\n<\/li>\n<\/ul>\n<p class=\"p1\"><span class=\"s1\">\ud83d\uddf3\ufe0f <\/span><b>Prix du public<\/b><b><\/b><\/p>\n<ul>\n<li>\n<p class=\"p1\">\u201cLe stylo magique\u201d \u2013 4e, Lyc\u00e9e Fran\u00e7ais de Bahre\u00efn<\/p>\n<\/li>\n<li>\n<p class=\"p1\">\u201cGame Over\u201d \u2013 CE2A, \u00c9cole fran\u00e7aise de Djeddah<\/p>\n<\/li>\n<\/ul>\n<p class=\"p1\"><span class=\"s1\">\ud83c\udfad <\/span><b>Prix d\u2019interpr\u00e9tation<\/b><b><\/b><\/p>\n<p class=\"p2\">\u201cTradition en t\u00eate, patrimoine au c\u0153ur\u201d<\/p>\n<p class=\"p2\"><i>Seconde, LFI Victor Hugo de Djerba<\/i><i><\/i><\/p>\n<p class=\"p1\"><span class=\"s1\">\ud83c\udfc6 <\/span><b>Prix sp\u00e9cial du comit\u00e9 organisateur<\/b><b><\/b><\/p>\n<p class=\"p2\">\u201cTimol\u00e9on le cam\u00e9l\u00e9on\u201d<\/p>\n<p class=\"p2\"><i>CPB, Lyc\u00e9e Fran\u00e7ais International de Duba\u00ef<\/i><i><\/i><\/p>\n<p class=\"p1\"><span class=\"s1\">\ud83d\udc8c <\/span><b>Prix des festivaliers<\/b><b><\/b><\/p>\n<ul>\n<li>\n<p class=\"p1\">\u201cDerni\u00e8re respiration\u201d \u2013 Talia Elkomy, Lyc\u00e9e Fran\u00e7ais de Bahre\u00efn<\/p>\n<\/li>\n<li>\n<p class=\"p1\">\u201cPapierbot\u201d \u2013 MSC, ICE Duba\u00ef<\/p>\n<\/li>\n<\/ul>\n<p class=\"p1\"><span class=\"s1\">\u2764\ufe0f <\/span><b>Coups de c\u0153ur<\/b><b><\/b><\/p>\n<ul>\n<li>\n<p class=\"p1\">\u201cCentre de disparition\u201d \u2013 Tess Faugeras, Lyc\u00e9e Fran\u00e7ais d\u2019Alexandrie<\/p>\n<\/li>\n<li>\n<p class=\"p1\">\u201cL\u2019\u00e9cole de ses r\u00eaves\u201d \u2013 CE2B, \u00c9cole Fran\u00e7aise Internationale de Djeddah<\/p>\n<\/li>\n<li>\n<p class=\"p1\">\u201cLa r\u00e9volte des voyelles\u201d \u2013 CM1E, Lyc\u00e9e Fran\u00e7ais Balzac du Caire<\/p>\n<\/li>\n<\/ul>\n<\/li>\n<\/ul>\n<\/div>\n","protected":false},"excerpt":{"rendered":"<p>\ud83c\udfa5 Films de Classe \ud83c\udfac Films de Classe \ud83d\udc76 Cat\u00e9gorie Maternelle \u201cLes aventuriers de la MSA, ab\u00e9c\u00e9daire visuel\u201d MSA \u2013 \u00c9cole fran\u00e7aise internationale de Djeddah \ud83d\udc66\ud83d\udcda Cat\u00e9gorie CP\/CE1 \u201cRessentir le monde\u201d CE1C \u2013 Lyc\u00e9e Fran\u00e7ais International Th\u00e9odore Monod, Abu Dhabi \ud83d\udcd6\u2728 Cat\u00e9gorie CE2 \u201cLire c\u2019est r\u00eaver\u201d CE2 D \u2013 Lyc\u00e9e Fran\u00e7ais International Th\u00e9odore Monod, Abu &hellip; <a href=\"https:\/\/lespetitscineastesdugolfe.org\/\" class=\"more-link\">Continue reading <span class=\"screen-reader-text\">Palmar\u00e8s de la 12\u00e8me \u00e9dition<\/span><\/a><\/p>\n","protected":false},"author":1,"featured_media":0,"parent":0,"menu_order":0,"comment_status":"closed","ping_status":"open","template":"","meta":{"footnotes":""},"class_list":["post-2","page","type-page","status-publish","hentry"],"_links":{"self":[{"href":"https:\/\/lespetitscineastesdugolfe.org\/index.php?rest_route=\/wp\/v2\/pages\/2","targetHints":{"allow":["GET"]}}],"collection":[{"href":"https:\/\/lespetitscineastesdugolfe.org\/index.php?rest_route=\/wp\/v2\/pages"}],"about":[{"href":"https:\/\/lespetitscineastesdugolfe.org\/index.php?rest_route=\/wp\/v2\/types\/page"}],"author":[{"embeddable":true,"href":"https:\/\/lespetitscineastesdugolfe.org\/index.php?rest_route=\/wp\/v2\/users\/1"}],"replies":[{"embeddable":true,"href":"https:\/\/lespetitscineastesdugolfe.org\/index.php?rest_route=%2Fwp%2Fv2%2Fcomments&post=2"}],"version-history":[{"count":93,"href":"https:\/\/lespetitscineastesdugolfe.org\/index.php?rest_route=\/wp\/v2\/pages\/2\/revisions"}],"predecessor-version":[{"id":542,"href":"https:\/\/lespetitscineastesdugolfe.org\/index.php?rest_route=\/wp\/v2\/pages\/2\/revisions\/542"}],"wp:attachment":[{"href":"https:\/\/lespetitscineastesdugolfe.org\/index.php?rest_route=%2Fwp%2Fv2%2Fmedia&parent=2"}],"curies":[{"name":"wp","href":"https:\/\/api.w.org\/{rel}","templated":true}]}}