{"id":183,"date":"2020-06-11T00:01:02","date_gmt":"2020-06-10T22:01:02","guid":{"rendered":"http:\/\/lespetitscineastesdugolfe.org\/?page_id=183"},"modified":"2020-06-11T01:06:34","modified_gmt":"2020-06-10T23:06:34","slug":"les-films-de-classe-selectionnes","status":"publish","type":"page","link":"https:\/\/lespetitscineastesdugolfe.org\/?page_id=183","title":{"rendered":"Les films de classe s\u00e9lectionn\u00e9s !"},"content":{"rendered":"<h1><strong>CAT\u00c9GORIE MATERNELLE<\/strong><\/h1>\n<p><iframe loading=\"lazy\" src=\"https:\/\/www.youtube.com\/embed\/N2NVD1nVbGw\" width=\"560\" height=\"315\" frameborder=\"0\" allowfullscreen=\"allowfullscreen\"><\/iframe><\/p>\n<p><strong>La mousse au chocolat<\/strong> \/\u00a0 PSA \/ Lyc\u00e9e Fran\u00e7ais MLF de Bahre\u00efn<\/p>\n<p><iframe loading=\"lazy\" src=\"https:\/\/www.youtube.com\/embed\/LXeBwK9A4Lc\" width=\"560\" height=\"315\" frameborder=\"0\" allowfullscreen=\"allowfullscreen\"><\/iframe><\/p>\n<p><strong>Le loup qui voulait faire la f\u00eate<\/strong> \/ GSA \/ \u00c9cole fran\u00e7aise internationale de Djeddah MLF<\/p>\n<h1><strong>CAT\u00c9GORIE CYCLE 2<\/strong><\/h1>\n<p><iframe loading=\"lazy\" src=\"https:\/\/www.youtube.com\/embed\/YLw51nhGc04\" width=\"560\" height=\"315\" frameborder=\"0\" allowfullscreen=\"allowfullscreen\"><\/iframe><\/p>\n<p><strong>7 souris dans le noir<\/strong> \/ CPA \/ LFI AFLEC Duba\u00ef<\/p>\n<p><iframe loading=\"lazy\" src=\"https:\/\/www.youtube.com\/embed\/1Zft8NElaWo\" width=\"560\" height=\"315\" frameborder=\"0\" allowfullscreen=\"allowfullscreen\"><\/iframe><\/p>\n<p><strong>ABCDaire du confinement <\/strong>\/\u00a0CE2 bilingue \/ LFI AFLEC Duba\u00ef<\/p>\n<p><iframe loading=\"lazy\" src=\"https:\/\/www.youtube.com\/embed\/84SQlSlRM-4\" width=\"560\" height=\"315\" frameborder=\"0\" allowfullscreen=\"allowfullscreen\"><\/iframe><\/p>\n<p><strong>Des mots sur l&#8217;eau\u00a0<\/strong>\/\u00a0CPE \/ LFI AFLEC Duba\u00ef<\/p>\n<p><iframe loading=\"lazy\" src=\"https:\/\/www.youtube.com\/embed\/LbxkmwdgpdY\" width=\"560\" height=\"315\" frameborder=\"0\" allowfullscreen=\"allowfullscreen\"><\/iframe><\/p>\n<p><strong>La fourmi<\/strong>\u00a0\/ CP bilingue \/ LFI AFLEC Duba\u00ef<\/p>\n<p><iframe loading=\"lazy\" src=\"https:\/\/www.youtube.com\/embed\/ERM_7amZTKQ\" width=\"560\" height=\"315\" frameborder=\"0\" allowfullscreen=\"allowfullscreen\"><\/iframe><\/p>\n<p><strong>Tous pareils<\/strong>\u00a0\/ CE2 C \/ Lyc\u00e9e fran\u00e7ais MLF Bahre\u00efn<\/p>\n<h1><strong>CAT\u00c9GORIE CYCLE 3<\/strong><\/h1>\n<p><iframe loading=\"lazy\" src=\"https:\/\/www.youtube.com\/embed\/ST_Qj91_Q2Y\" width=\"560\" height=\"315\" frameborder=\"0\" allowfullscreen=\"allowfullscreen\"><\/iframe><\/p>\n<p><strong>Mon vieil ami Jean-Mi&#8230;<\/strong> \/ CM1 B\u00a0 \/ Lyc\u00e9e fran\u00e7ais Monod AFLEC Abu Dhabi<\/p>\n<p><iframe loading=\"lazy\" src=\"https:\/\/www.youtube.com\/embed\/-SAzGHbzz2A\" width=\"560\" height=\"315\" frameborder=\"0\" allowfullscreen=\"allowfullscreen\"><\/iframe><\/p>\n<p><strong>H\u00e9ortologie \/<\/strong> CM2 A \/ Ecole fran\u00e7aise MLF Djeddah<\/p>\n<p><iframe loading=\"lazy\" src=\"https:\/\/www.youtube.com\/embed\/epZUDTJ9SCA\" width=\"560\" height=\"315\" frameborder=\"0\" allowfullscreen=\"allowfullscreen\"><\/iframe><\/p>\n<p><strong>Matt contre le monde<\/strong>\u00a0\/ CM1 D \/ Ecole fran\u00e7aise MLF Djeddah<\/p>\n<p><iframe loading=\"lazy\" src=\"https:\/\/www.youtube.com\/embed\/CShfPEvwM4k\" width=\"560\" height=\"315\" frameborder=\"0\" allowfullscreen=\"allowfullscreen\"><\/iframe><\/p>\n<p><strong>Nos vies confin\u00e9es<\/strong>\u00a0\/ CM1 B \/ Ecole fran\u00e7aise MLF Djeddah<\/p>\n<p><iframe loading=\"lazy\" src=\"https:\/\/www.youtube.com\/embed\/wUrhRoaX3VA\" width=\"560\" height=\"315\" frameborder=\"0\" allowfullscreen=\"allowfullscreen\"><\/iframe><\/p>\n<p><strong>Super Mamie contre docteur Mazout<\/strong>\u00a0\/ CM1A LTM AFLEC \/ Abu Dhabi<\/p>\n<h1><strong>CAT\u00c9GORIE CLASSES SECONDAIRES<\/strong><\/h1>\n<p><iframe loading=\"lazy\" src=\"https:\/\/www.youtube.com\/embed\/9BOSioSrxcs\" width=\"560\" height=\"315\" frameborder=\"0\" allowfullscreen=\"allowfullscreen\"><\/iframe><\/p>\n<p><strong>Arabe last<\/strong> \/ Terminale \/ Lyc\u00e9e fran\u00e7ais MLF Bahre\u00efn<\/p>\n<p><iframe loading=\"lazy\" src=\"https:\/\/www.youtube.com\/embed\/AH3IuFJfoas\" width=\"560\" height=\"315\" frameborder=\"0\" allowfullscreen=\"allowfullscreen\"><\/iframe><\/p>\n<p><strong>Droit \u00e0 l&#8217;enfance \/<\/strong> 5D \/ Ecole fran\u00e7aise MLF Djeddah<\/p>\n<p><iframe loading=\"lazy\" src=\"https:\/\/www.youtube.com\/embed\/pT5mDLt5gcU\" width=\"560\" height=\"315\" frameborder=\"0\" allowfullscreen=\"allowfullscreen\"><\/iframe><\/p>\n<p><strong>Mr Thierry&#8217;s mysterious suitcase<\/strong> \/ 4 \u00e8me \/ Ecole fran\u00e7aise Erbil<\/p>\n<p><iframe loading=\"lazy\" src=\"https:\/\/www.youtube.com\/embed\/VJV9wGKRKeU\" width=\"560\" height=\"315\" frameborder=\"0\" allowfullscreen=\"allowfullscreen\"><\/iframe><\/p>\n<p><strong>Qu&#8217;est-ce qu&#8217;une f\u00eate pour toi?<\/strong> \/ 5B \/ Ecole fran\u00e7aise MLF Djeddah<\/p>\n<p><iframe loading=\"lazy\" src=\"https:\/\/www.youtube.com\/embed\/1Om72XJc2Ys\" width=\"560\" height=\"315\" frameborder=\"0\" allowfullscreen=\"allowfullscreen\"><\/iframe><\/p>\n<p><strong>Selfiasco<\/strong>\u00a0\/ 5A \/ Ecole fran\u00e7aise MLF Djeddah<\/p>\n<h2><a href=\"http:\/\/lespetitscineastesdugolfe.org\/?page_id=190\">Le formulaire pour voter pour les deux prix du public !<\/a><\/h2>\n","protected":false},"excerpt":{"rendered":"<p>CAT\u00c9GORIE MATERNELLE La mousse au chocolat \/\u00a0 PSA \/ Lyc\u00e9e Fran\u00e7ais MLF de Bahre\u00efn Le loup qui voulait faire la f\u00eate \/ GSA \/ \u00c9cole fran\u00e7aise internationale de Djeddah MLF CAT\u00c9GORIE CYCLE 2 7 souris dans le noir \/ CPA \/ LFI AFLEC Duba\u00ef ABCDaire du confinement \/\u00a0CE2 bilingue \/ LFI AFLEC Duba\u00ef Des mots &hellip; <a href=\"https:\/\/lespetitscineastesdugolfe.org\/?page_id=183\" class=\"more-link\">Continue reading <span class=\"screen-reader-text\">Les films de classe s\u00e9lectionn\u00e9s !<\/span><\/a><\/p>\n","protected":false},"author":1,"featured_media":0,"parent":0,"menu_order":0,"comment_status":"closed","ping_status":"closed","template":"","meta":{"footnotes":""},"class_list":["post-183","page","type-page","status-publish","hentry"],"_links":{"self":[{"href":"https:\/\/lespetitscineastesdugolfe.org\/index.php?rest_route=\/wp\/v2\/pages\/183","targetHints":{"allow":["GET"]}}],"collection":[{"href":"https:\/\/lespetitscineastesdugolfe.org\/index.php?rest_route=\/wp\/v2\/pages"}],"about":[{"href":"https:\/\/lespetitscineastesdugolfe.org\/index.php?rest_route=\/wp\/v2\/types\/page"}],"author":[{"embeddable":true,"href":"https:\/\/lespetitscineastesdugolfe.org\/index.php?rest_route=\/wp\/v2\/users\/1"}],"replies":[{"embeddable":true,"href":"https:\/\/lespetitscineastesdugolfe.org\/index.php?rest_route=%2Fwp%2Fv2%2Fcomments&post=183"}],"version-history":[{"count":3,"href":"https:\/\/lespetitscineastesdugolfe.org\/index.php?rest_route=\/wp\/v2\/pages\/183\/revisions"}],"predecessor-version":[{"id":193,"href":"https:\/\/lespetitscineastesdugolfe.org\/index.php?rest_route=\/wp\/v2\/pages\/183\/revisions\/193"}],"wp:attachment":[{"href":"https:\/\/lespetitscineastesdugolfe.org\/index.php?rest_route=%2Fwp%2Fv2%2Fmedia&parent=183"}],"curies":[{"name":"wp","href":"https:\/\/api.w.org\/{rel}","templated":true}]}}