{"id":144,"date":"2020-05-10T00:05:06","date_gmt":"2020-05-09T22:05:06","guid":{"rendered":"http:\/\/lespetitscineastesdugolfe.org\/?page_id=144"},"modified":"2024-10-08T08:30:49","modified_gmt":"2024-10-08T06:30:49","slug":"mooc-realise-un-film-a-la-maison","status":"publish","type":"page","link":"https:\/\/lespetitscineastesdugolfe.org\/?page_id=144","title":{"rendered":"MOOC  : R\u00e9alise un film \u00e0 la maison !"},"content":{"rendered":"<p><em>R\u00e9alise un film \u00e0 la maison\u00a0 et propose-le au festival avant le 27 mars 2025. Ce cours en ligne est \u00e0 destination des \u00e9l\u00e8ves \u00e2g\u00e9s de 10 \u00e0 18 ans.<\/em><\/p>\n<p><em>\u00a0La dur\u00e9e des films propos\u00e9s au festival ne pourra pas exc\u00e9der 6 minutes.<\/em><\/p>\n<p>Le r\u00e8glement est consultable <a href=\"http:\/\/lespetitscineastesdugolfe.org\/?page_id=26\">ici<\/a>.<\/p>\n<p>&nbsp;<\/p>\n<h4>\u00c9pisode 1 \/ Une br\u00e8ve histoire du cin\u00e9ma, du cin\u00e9ma hollywoodien au film r\u00e9alis\u00e9 dans ta chambre !<\/h4>\n<p><iframe loading=\"lazy\" src=\"https:\/\/www.youtube.com\/embed\/euI99wr3Qxg\" width=\"560\" height=\"315\" frameborder=\"0\" allowfullscreen=\"allowfullscreen\"><span style=\"display: inline-block; width: 0px; overflow: hidden; line-height: 0;\" data-mce-type=\"bookmark\" class=\"mce_SELRES_start\">\ufeff<\/span><\/iframe><\/p>\n<pre><a href=\"http:\/\/web.ac-reims.fr\/dsden52\/ercom\/documents\/education_artistique\/ecole_et_cinema\/2016_2017\/160916_histoire_du_cinema\/histoire_du_cinema.pdf\">http:\/\/web.ac-reims.fr\/dsden52\/ercom\/documents\/education_artistique\/ecole_et_cinema\/2016_2017\/160916_histoire_du_cinema\/histoire_du_cinema.pdf<\/a>\r\nUne histoire du cin\u00e9ma pour aller plus loin...<\/pre>\n<h4>\u00c9pisode 2 \/ Initiation \u00e0 la grammaire audiovisuelle !<\/h4>\n<p><iframe loading=\"lazy\" src=\"https:\/\/www.youtube.com\/embed\/HI7mfD-eM2I\" width=\"560\" height=\"315\" frameborder=\"0\" allowfullscreen=\"allowfullscreen\"><\/iframe><\/p>\n<pre><a href=\"https:\/\/films-pour-enfants.com\/films-enfants-9-ans.html\">https:\/\/films-pour-enfants.com\/films-enfants-9-ans.html<\/a> Des films gratuits \u00e0 visionner en ligne. \r\n\r\n<a href=\"https:\/\/archive.org\/\">https:\/\/archive.org\/<\/a> Des milliers de tr\u00e8s vieux films tomb\u00e9s dans le domaine public que tu peux regarder gratuitement, pratique pour d\u00e9couvrir chez soi de vieux classiques.\u00a0\r\n\r\n<a href=\"http:\/\/fgimello.free.fr\/documents\/technique_de_base_cinema.pdf\">http:\/\/fgimello.free.fr\/documents\/technique_de_base_cinema.pdf<\/a>\r\nPour aller un peu plus loin... et aussi pour r\u00e9sumer \u00e0 l'\u00e9crit ce qui a \u00e9t\u00e9 vu dans la vid\u00e9o.\r\n\r\n<a href=\"https:\/\/upopi.ciclic.fr\/vocabulaire\/\">https:\/\/upopi.ciclic.fr\/vocabulaire\/<\/a>\r\nInitiation au vocabulaire de l'analyse filmique, par Laurence Moinereau.<\/pre>\n<h4>\u00c9pisode 3 \/ Initiation \u00e0 l&#8217;analyse filmique.<\/h4>\n<p><a href=\"https:\/\/drive.google.com\/file\/d\/1hLhdEfbgQbq7oF_uM00iTKQZhaQ1_lbD\/view?usp=sharing\"><img loading=\"lazy\" decoding=\"async\" class=\"alignnone size-full wp-image-285\" src=\"http:\/\/lespetitscineastesdugolfe.org\/wp-content\/uploads\/2022\/04\/realisc.png\" alt=\"\" width=\"563\" height=\"317\" srcset=\"https:\/\/lespetitscineastesdugolfe.org\/wp-content\/uploads\/2022\/04\/realisc.png 563w, https:\/\/lespetitscineastesdugolfe.org\/wp-content\/uploads\/2022\/04\/realisc-300x169.png 300w\" sizes=\"auto, (max-width: 563px) 100vw, 563px\" \/><\/a><\/p>\n<pre><a href=\"https:\/\/www.youtube.com\/playlist?list=PL5251E1E051BFDE1C\">https:\/\/www.youtube.com\/playlist?list=PL5251E1E051BFDE1C<\/a>\r\nUne cha\u00eene youtube avec des s\u00e9quences de grands classiques du cin\u00e9ma analys\u00e9s par Arnaud Didelot.<\/pre>\n<h4>\u00c9pisode 4 \/ D\u00e9termine le genre de film que tu vas faire.<\/h4>\n<p><iframe loading=\"lazy\" src=\"https:\/\/www.youtube.com\/embed\/GL52IQYr0wU\" width=\"560\" height=\"315\" frameborder=\"0\" allowfullscreen=\"allowfullscreen\"><\/iframe><\/p>\n<h4>\u00c9pisode 5 \/ \u00c9cris le sc\u00e9nario de ton film !<\/h4>\n<p><iframe loading=\"lazy\" src=\"https:\/\/www.youtube.com\/embed\/3Q6FWVizoCA\" width=\"560\" height=\"315\" frameborder=\"0\" allowfullscreen=\"allowfullscreen\"><\/iframe><\/p>\n<pre><a href=\"https:\/\/drive.google.com\/file\/d\/1K_HDeieLB2vkZkemjwbVXptkRptAjctq\/view?usp=sharing\">https:\/\/drive.google.com\/file\/d\/1K_HDeieLB2vkZkemjwbVXptkRptAjctq\/view?usp=sharing<\/a>\r\n\r\nUn storyboard vierge et modifiable<\/pre>\n<h4>\u00c9pisode 6\/ Le tournage avec les moyens du bord !<\/h4>\n<p><iframe loading=\"lazy\" src=\"https:\/\/www.youtube.com\/embed\/T0k9h0AU7PU\" width=\"560\" height=\"315\" frameborder=\"0\" allowfullscreen=\"allowfullscreen\"><\/iframe><\/p>\n<pre><a href=\"https:\/\/scratch.mit.edu\/projects\/editor\/?tutorial=getStarted\">https:\/\/scratch.mit.edu\/projects\/editor\/?tutorial=getStarted<\/a>\r\n\r\nScratch : un environnement de programmation pour faire des films d'animation\r\n\r\n<a href=\"http:\/\/www.leskylab.fr\/faire-un-film-en-stop-motion.html\">http:\/\/www.leskylab.fr\/faire-un-film-en-stop-motion.html<\/a>\r\n\r\nComment faire un film en stop motion \u00e0 la maison ?\r\n\r\n<a href=\"https:\/\/www.youtube.com\/watch?v=oDM9w0gLrW4\">https:\/\/www.youtube.com\/watch?v=oDM9w0gLrW4<\/a>\r\n\r\nD\u00e9couvrir le logiciel professionnel OpenToonz pour faire des animations assist\u00e9es par ordinateur (libre et gratuit - attention, difficile, pour cin\u00e9astes motiv\u00e9s !)<\/pre>\n<h4>\u00c9pisode 7 \/ La touche finale : le montage !<\/h4>\n<p><iframe loading=\"lazy\" src=\"https:\/\/www.youtube.com\/embed\/BQlqDHyNweg\" width=\"560\" height=\"315\" frameborder=\"0\" allowfullscreen=\"allowfullscreen\"><\/iframe><\/p>\n<pre><a href=\"https:\/\/recitarts.ca\/IMG\/pdf\/tutoriel_iMovie_ios7.pdf\">https:\/\/recitarts.ca\/IMG\/pdf\/tutoriel_iMovie_ios7.pdf<\/a>\r\n\r\nTutoriel complet pour utiliser imovie sur ipad\r\n\r\n<a href=\"https:\/\/www.openshot.org\/\">https:\/\/www.openshot.org\/<\/a>\r\n\r\nT\u00e9l\u00e9charger le logiciel de montage Openshot\r\n\r\n<a href=\"http:\/\/christophemerlet.fr\/wp-content\/uploads\/2019\/01\/formation_openshot_video_editor.pdf\">http:\/\/christophemerlet.fr\/wp-content\/uploads\/2019\/01\/formation_openshot_video_editor.pdf<\/a>\r\n\r\nApprendre Openshot en 5 minutes\r\n\r\n<a href=\"https:\/\/cdn.openshot.org\/static\/files\/user-guide\/index.html\">https:\/\/cdn.openshot.org\/static\/files\/user-guide\/index.html<\/a>\r\n\r\nOpenShot : mode d'emploi<\/pre>\n<p>&nbsp;<\/p>\n","protected":false},"excerpt":{"rendered":"<p>R\u00e9alise un film \u00e0 la maison\u00a0 et propose-le au festival avant le 27 mars 2025. Ce cours en ligne est \u00e0 destination des \u00e9l\u00e8ves \u00e2g\u00e9s de 10 \u00e0 18 ans. \u00a0La dur\u00e9e des films propos\u00e9s au festival ne pourra pas exc\u00e9der 6 minutes. Le r\u00e8glement est consultable ici. &nbsp; \u00c9pisode 1 \/ Une br\u00e8ve histoire &hellip; <a href=\"https:\/\/lespetitscineastesdugolfe.org\/?page_id=144\" class=\"more-link\">Continue reading <span class=\"screen-reader-text\">MOOC  : R\u00e9alise un film \u00e0 la maison !<\/span><\/a><\/p>\n","protected":false},"author":1,"featured_media":0,"parent":0,"menu_order":0,"comment_status":"closed","ping_status":"closed","template":"","meta":{"footnotes":""},"class_list":["post-144","page","type-page","status-publish","hentry"],"_links":{"self":[{"href":"https:\/\/lespetitscineastesdugolfe.org\/index.php?rest_route=\/wp\/v2\/pages\/144","targetHints":{"allow":["GET"]}}],"collection":[{"href":"https:\/\/lespetitscineastesdugolfe.org\/index.php?rest_route=\/wp\/v2\/pages"}],"about":[{"href":"https:\/\/lespetitscineastesdugolfe.org\/index.php?rest_route=\/wp\/v2\/types\/page"}],"author":[{"embeddable":true,"href":"https:\/\/lespetitscineastesdugolfe.org\/index.php?rest_route=\/wp\/v2\/users\/1"}],"replies":[{"embeddable":true,"href":"https:\/\/lespetitscineastesdugolfe.org\/index.php?rest_route=%2Fwp%2Fv2%2Fcomments&post=144"}],"version-history":[{"count":33,"href":"https:\/\/lespetitscineastesdugolfe.org\/index.php?rest_route=\/wp\/v2\/pages\/144\/revisions"}],"predecessor-version":[{"id":566,"href":"https:\/\/lespetitscineastesdugolfe.org\/index.php?rest_route=\/wp\/v2\/pages\/144\/revisions\/566"}],"wp:attachment":[{"href":"https:\/\/lespetitscineastesdugolfe.org\/index.php?rest_route=%2Fwp%2Fv2%2Fmedia&parent=144"}],"curies":[{"name":"wp","href":"https:\/\/api.w.org\/{rel}","templated":true}]}}